{"id":124,"date":"2021-04-10T22:58:14","date_gmt":"2021-04-11T01:58:14","guid":{"rendered":"http:\/\/wmt.com.br\/?page_id=124"},"modified":"2026-01-22T18:00:53","modified_gmt":"2026-01-22T21:00:53","slug":"equipe","status":"publish","type":"page","link":"https:\/\/wmt.com.br\/eng\/equipe\/","title":{"rendered":"Equipe"},"content":{"rendered":"<div data-elementor-type=\"wp-page\" data-elementor-id=\"124\" class=\"elementor elementor-124\" data-elementor-post-type=\"page\">\n\t\t\t\t\t\t<section class=\"elementor-section elementor-top-section elementor-element elementor-element-ea653f1 elementor-section-full_width elementor-section-height-min-height elementor-section-height-default elementor-section-items-middle\" data-id=\"ea653f1\" data-element_type=\"section\" id=\"top\" data-settings=\"{&quot;background_background&quot;:&quot;classic&quot;}\">\n\t\t\t\t\t\t<div class=\"elementor-container elementor-column-gap-default\">\n\t\t\t\t\t<div class=\"elementor-column elementor-col-100 elementor-top-column elementor-element elementor-element-063ae5e\" data-id=\"063ae5e\" data-element_type=\"column\">\n\t\t\t<div class=\"elementor-widget-wrap\">\n\t\t\t\t\t\t\t<\/div>\n\t\t<\/div>\n\t\t\t\t\t<\/div>\n\t\t<\/section>\n\t\t\t\t<section class=\"elementor-section elementor-top-section elementor-element elementor-element-6849615 elementor-section-boxed elementor-section-height-default elementor-section-height-default\" data-id=\"6849615\" data-element_type=\"section\">\n\t\t\t\t\t\t<div class=\"elementor-container elementor-column-gap-default\">\n\t\t\t\t\t<div class=\"elementor-column elementor-col-100 elementor-top-column elementor-element elementor-element-fe5fe96 elementor-invisible\" data-id=\"fe5fe96\" data-element_type=\"column\" data-settings=\"{&quot;animation&quot;:&quot;fadeIn&quot;}\">\n\t\t\t<div class=\"elementor-widget-wrap elementor-element-populated\">\n\t\t\t\t\t\t<div class=\"elementor-element elementor-element-966adf2 elementor-widget-divider--view-line elementor-widget elementor-widget-divider\" data-id=\"966adf2\" data-element_type=\"widget\" data-widget_type=\"divider.default\">\n\t\t\t\t<div class=\"elementor-widget-container\">\n\t\t\t\t\t<div class=\"elementor-divider\">\n\t\t\t<span class=\"elementor-divider-separator\">\n\t\t\t\t\t\t<\/span>\n\t\t<\/div>\n\t\t\t\t<\/div>\n\t\t\t\t<\/div>\n\t\t\t\t<div class=\"elementor-element elementor-element-f621bb9 elementor-widget elementor-widget-text-editor\" data-id=\"f621bb9\" data-element_type=\"widget\" data-widget_type=\"text-editor.default\">\n\t\t\t\t<div class=\"elementor-widget-container\">\n\t\t\t\t\t\t\t<p>people<\/p>\t\t\t\t\t\t<\/div>\n\t\t\t\t<\/div>\n\t\t\t\t\t<\/div>\n\t\t<\/div>\n\t\t\t\t\t<\/div>\n\t\t<\/section>\n\t\t\t\t<section class=\"elementor-section elementor-top-section elementor-element elementor-element-b139d8c itemequipe elementor-section-boxed elementor-section-height-default elementor-section-height-default\" data-id=\"b139d8c\" data-element_type=\"section\">\n\t\t\t\t\t\t<div class=\"elementor-container elementor-column-gap-no\">\n\t\t\t\t\t<div class=\"elementor-column elementor-col-33 elementor-top-column elementor-element elementor-element-08edd49 elementor-invisible\" data-id=\"08edd49\" data-element_type=\"column\" data-settings=\"{&quot;animation&quot;:&quot;fadeIn&quot;}\">\n\t\t\t<div class=\"elementor-widget-wrap elementor-element-populated\">\n\t\t\t\t\t\t<div class=\"elementor-element elementor-element-95389ba equipe elementor-widget elementor-widget-image\" data-id=\"95389ba\" data-element_type=\"widget\" data-widget_type=\"image.default\">\n\t\t\t\t<div class=\"elementor-widget-container\">\n\t\t\t\t\t\t\t\t\t\t\t\t\t\t<a href=\"\/eng\/luis-wielewicki\/\">\n\t\t\t\t\t\t\t<img fetchpriority=\"high\" decoding=\"async\" width=\"600\" height=\"720\" src=\"https:\/\/wmt.com.br\/wp-content\/uploads\/2021\/05\/Luis_foto_equipe.jpg\" class=\"attachment-full size-full wp-image-784\" alt=\"\" srcset=\"https:\/\/wmt.com.br\/wp-content\/uploads\/2021\/05\/Luis_foto_equipe.jpg 600w, https:\/\/wmt.com.br\/wp-content\/uploads\/2021\/05\/Luis_foto_equipe-250x300.jpg 250w, https:\/\/wmt.com.br\/wp-content\/uploads\/2021\/05\/Luis_foto_equipe-10x12.jpg 10w\" sizes=\"(max-width: 600px) 100vw, 600px\" \/>\t\t\t\t\t\t\t\t<\/a>\n\t\t\t\t\t\t\t\t\t\t\t\t\t<\/div>\n\t\t\t\t<\/div>\n\t\t\t\t<div class=\"elementor-element elementor-element-791644a elementor-widget elementor-widget-heading\" data-id=\"791644a\" data-element_type=\"widget\" data-widget_type=\"heading.default\">\n\t\t\t\t<div class=\"elementor-widget-container\">\n\t\t\t<h2 class=\"elementor-heading-title elementor-size-default\">lu\u00eds wielewicki<\/h2>\t\t<\/div>\n\t\t\t\t<\/div>\n\t\t\t\t<div class=\"elementor-element elementor-element-a7463e9 elementor-widget elementor-widget-text-editor\" data-id=\"a7463e9\" data-element_type=\"widget\" data-widget_type=\"text-editor.default\">\n\t\t\t\t<div class=\"elementor-widget-container\">\n\t\t\t\t\t\t\t<p>partner<\/p>\t\t\t\t\t\t<\/div>\n\t\t\t\t<\/div>\n\t\t\t\t<div class=\"elementor-element elementor-element-60cd374 elementor-widget-divider--view-line elementor-widget elementor-widget-divider\" data-id=\"60cd374\" data-element_type=\"widget\" data-widget_type=\"divider.default\">\n\t\t\t\t<div class=\"elementor-widget-container\">\n\t\t\t\t\t<div class=\"elementor-divider\">\n\t\t\t<span class=\"elementor-divider-separator\">\n\t\t\t\t\t\t<\/span>\n\t\t<\/div>\n\t\t\t\t<\/div>\n\t\t\t\t<\/div>\n\t\t\t\t<div class=\"elementor-element elementor-element-952ed31 elementor-view-default elementor-widget elementor-widget-icon\" data-id=\"952ed31\" data-element_type=\"widget\" data-widget_type=\"icon.default\">\n\t\t\t\t<div class=\"elementor-widget-container\">\n\t\t\t\t\t<div class=\"elementor-icon-wrapper\">\n\t\t\t<a class=\"elementor-icon\" href=\"https:\/\/www.linkedin.com\/in\/luis-wielewicki-1550a523\" target=\"_blank\">\n\t\t\t<i aria-hidden=\"true\" class=\"icon icon-linkedin\"><\/i>\t\t\t<\/a>\n\t\t<\/div>\n\t\t\t\t<\/div>\n\t\t\t\t<\/div>\n\t\t\t\t\t<\/div>\n\t\t<\/div>\n\t\t\t\t<div class=\"elementor-column elementor-col-33 elementor-top-column elementor-element elementor-element-1d56e1a elementor-invisible\" data-id=\"1d56e1a\" data-element_type=\"column\" data-settings=\"{&quot;animation&quot;:&quot;fadeIn&quot;,&quot;animation_delay&quot;:100}\">\n\t\t\t<div class=\"elementor-widget-wrap elementor-element-populated\">\n\t\t\t\t\t\t<div class=\"elementor-element elementor-element-f416362 equipe elementor-widget elementor-widget-image\" data-id=\"f416362\" data-element_type=\"widget\" data-widget_type=\"image.default\">\n\t\t\t\t<div class=\"elementor-widget-container\">\n\t\t\t\t\t\t\t\t\t\t\t\t\t\t<a href=\"\/eng\/rodrigo-maia\/\">\n\t\t\t\t\t\t\t<img decoding=\"async\" width=\"600\" height=\"720\" src=\"https:\/\/wmt.com.br\/wp-content\/uploads\/2021\/05\/Rodrigo_foto_equipe.jpg\" class=\"attachment-full size-full wp-image-783\" alt=\"\" srcset=\"https:\/\/wmt.com.br\/wp-content\/uploads\/2021\/05\/Rodrigo_foto_equipe.jpg 600w, https:\/\/wmt.com.br\/wp-content\/uploads\/2021\/05\/Rodrigo_foto_equipe-250x300.jpg 250w, https:\/\/wmt.com.br\/wp-content\/uploads\/2021\/05\/Rodrigo_foto_equipe-10x12.jpg 10w\" sizes=\"(max-width: 600px) 100vw, 600px\" \/>\t\t\t\t\t\t\t\t<\/a>\n\t\t\t\t\t\t\t\t\t\t\t\t\t<\/div>\n\t\t\t\t<\/div>\n\t\t\t\t<div class=\"elementor-element elementor-element-b00b8eb elementor-widget elementor-widget-heading\" data-id=\"b00b8eb\" data-element_type=\"widget\" data-widget_type=\"heading.default\">\n\t\t\t\t<div class=\"elementor-widget-container\">\n\t\t\t<h2 class=\"elementor-heading-title elementor-size-default\">rodrigo maia<\/h2>\t\t<\/div>\n\t\t\t\t<\/div>\n\t\t\t\t<div class=\"elementor-element elementor-element-03ac8c8 elementor-widget elementor-widget-text-editor\" data-id=\"03ac8c8\" data-element_type=\"widget\" data-widget_type=\"text-editor.default\">\n\t\t\t\t<div class=\"elementor-widget-container\">\n\t\t\t\t\t\t\t<p>partner<\/p>\t\t\t\t\t\t<\/div>\n\t\t\t\t<\/div>\n\t\t\t\t<div class=\"elementor-element elementor-element-95378a4 elementor-widget-divider--view-line elementor-widget elementor-widget-divider\" data-id=\"95378a4\" data-element_type=\"widget\" data-widget_type=\"divider.default\">\n\t\t\t\t<div class=\"elementor-widget-container\">\n\t\t\t\t\t<div class=\"elementor-divider\">\n\t\t\t<span class=\"elementor-divider-separator\">\n\t\t\t\t\t\t<\/span>\n\t\t<\/div>\n\t\t\t\t<\/div>\n\t\t\t\t<\/div>\n\t\t\t\t<div class=\"elementor-element elementor-element-7b98d1d elementor-view-default elementor-widget elementor-widget-icon\" data-id=\"7b98d1d\" data-element_type=\"widget\" data-widget_type=\"icon.default\">\n\t\t\t\t<div class=\"elementor-widget-container\">\n\t\t\t\t\t<div class=\"elementor-icon-wrapper\">\n\t\t\t<a class=\"elementor-icon\" href=\"https:\/\/www.linkedin.com\/in\/rodrigo-maia-61772b18\/\" target=\"_blank\">\n\t\t\t<i aria-hidden=\"true\" class=\"icon icon-linkedin\"><\/i>\t\t\t<\/a>\n\t\t<\/div>\n\t\t\t\t<\/div>\n\t\t\t\t<\/div>\n\t\t\t\t\t<\/div>\n\t\t<\/div>\n\t\t\t\t<div class=\"elementor-column elementor-col-33 elementor-top-column elementor-element elementor-element-ca1e720 elementor-invisible\" data-id=\"ca1e720\" data-element_type=\"column\" data-settings=\"{&quot;animation&quot;:&quot;fadeIn&quot;,&quot;animation_delay&quot;:200}\">\n\t\t\t<div class=\"elementor-widget-wrap elementor-element-populated\">\n\t\t\t\t\t\t<div class=\"elementor-element elementor-element-164d6e0 equipe elementor-widget elementor-widget-image\" data-id=\"164d6e0\" data-element_type=\"widget\" data-widget_type=\"image.default\">\n\t\t\t\t<div class=\"elementor-widget-container\">\n\t\t\t\t\t\t\t\t\t\t\t\t\t\t<a href=\"\/eng\/beatriz-trovo\/\">\n\t\t\t\t\t\t\t<img decoding=\"async\" width=\"600\" height=\"720\" src=\"https:\/\/wmt.com.br\/wp-content\/uploads\/2021\/05\/Beatriz_foto_equipe.jpg\" class=\"attachment-full size-full wp-image-785\" alt=\"\" srcset=\"https:\/\/wmt.com.br\/wp-content\/uploads\/2021\/05\/Beatriz_foto_equipe.jpg 600w, https:\/\/wmt.com.br\/wp-content\/uploads\/2021\/05\/Beatriz_foto_equipe-250x300.jpg 250w, https:\/\/wmt.com.br\/wp-content\/uploads\/2021\/05\/Beatriz_foto_equipe-10x12.jpg 10w\" sizes=\"(max-width: 600px) 100vw, 600px\" \/>\t\t\t\t\t\t\t\t<\/a>\n\t\t\t\t\t\t\t\t\t\t\t\t\t<\/div>\n\t\t\t\t<\/div>\n\t\t\t\t<div class=\"elementor-element elementor-element-d1d6741 elementor-widget elementor-widget-heading\" data-id=\"d1d6741\" data-element_type=\"widget\" data-widget_type=\"heading.default\">\n\t\t\t\t<div class=\"elementor-widget-container\">\n\t\t\t<h2 class=\"elementor-heading-title elementor-size-default\">beatriz trovo<\/h2>\t\t<\/div>\n\t\t\t\t<\/div>\n\t\t\t\t<div class=\"elementor-element elementor-element-cccaa41 elementor-widget elementor-widget-text-editor\" data-id=\"cccaa41\" data-element_type=\"widget\" data-widget_type=\"text-editor.default\">\n\t\t\t\t<div class=\"elementor-widget-container\">\n\t\t\t\t\t\t\t<p>partner<\/p>\t\t\t\t\t\t<\/div>\n\t\t\t\t<\/div>\n\t\t\t\t<div class=\"elementor-element elementor-element-fc23bdc elementor-widget-divider--view-line elementor-widget elementor-widget-divider\" data-id=\"fc23bdc\" data-element_type=\"widget\" data-widget_type=\"divider.default\">\n\t\t\t\t<div class=\"elementor-widget-container\">\n\t\t\t\t\t<div class=\"elementor-divider\">\n\t\t\t<span class=\"elementor-divider-separator\">\n\t\t\t\t\t\t<\/span>\n\t\t<\/div>\n\t\t\t\t<\/div>\n\t\t\t\t<\/div>\n\t\t\t\t<div class=\"elementor-element elementor-element-8c0faf7 elementor-view-default elementor-widget elementor-widget-icon\" data-id=\"8c0faf7\" data-element_type=\"widget\" data-widget_type=\"icon.default\">\n\t\t\t\t<div class=\"elementor-widget-container\">\n\t\t\t\t\t<div class=\"elementor-icon-wrapper\">\n\t\t\t<a class=\"elementor-icon\" href=\"https:\/\/www.linkedin.com\/in\/beatriz-trovo-pontes-de-miranda-a6b73437\" target=\"_blank\">\n\t\t\t<i aria-hidden=\"true\" class=\"icon icon-linkedin\"><\/i>\t\t\t<\/a>\n\t\t<\/div>\n\t\t\t\t<\/div>\n\t\t\t\t<\/div>\n\t\t\t\t\t<\/div>\n\t\t<\/div>\n\t\t\t\t\t<\/div>\n\t\t<\/section>\n\t\t\t\t<section class=\"elementor-section elementor-top-section elementor-element elementor-element-0f15251 itemequipe elementor-section-boxed elementor-section-height-default elementor-section-height-default\" data-id=\"0f15251\" data-element_type=\"section\">\n\t\t\t\t\t\t<div class=\"elementor-container elementor-column-gap-no\">\n\t\t\t\t\t<div class=\"elementor-column elementor-col-33 elementor-top-column elementor-element elementor-element-ac6b438 elementor-invisible\" data-id=\"ac6b438\" data-element_type=\"column\" data-settings=\"{&quot;animation&quot;:&quot;fadeIn&quot;,&quot;animation_delay&quot;:300}\">\n\t\t\t<div class=\"elementor-widget-wrap elementor-element-populated\">\n\t\t\t\t\t\t<div class=\"elementor-element elementor-element-1b7eff1 equipe elementor-widget elementor-widget-image\" data-id=\"1b7eff1\" data-element_type=\"widget\" data-widget_type=\"image.default\">\n\t\t\t\t<div class=\"elementor-widget-container\">\n\t\t\t\t\t\t\t\t\t\t\t\t\t\t<a href=\"\/eng\/leonardo-portelada\/\">\n\t\t\t\t\t\t\t<img loading=\"lazy\" decoding=\"async\" width=\"600\" height=\"720\" src=\"https:\/\/wmt.com.br\/wp-content\/uploads\/2021\/05\/Leonardo_foto_equipe.jpg\" class=\"attachment-full size-full wp-image-787\" alt=\"\" srcset=\"https:\/\/wmt.com.br\/wp-content\/uploads\/2021\/05\/Leonardo_foto_equipe.jpg 600w, https:\/\/wmt.com.br\/wp-content\/uploads\/2021\/05\/Leonardo_foto_equipe-250x300.jpg 250w, https:\/\/wmt.com.br\/wp-content\/uploads\/2021\/05\/Leonardo_foto_equipe-10x12.jpg 10w\" sizes=\"(max-width: 600px) 100vw, 600px\" \/>\t\t\t\t\t\t\t\t<\/a>\n\t\t\t\t\t\t\t\t\t\t\t\t\t<\/div>\n\t\t\t\t<\/div>\n\t\t\t\t<div class=\"elementor-element elementor-element-61b82c4 elementor-widget elementor-widget-heading\" data-id=\"61b82c4\" data-element_type=\"widget\" data-widget_type=\"heading.default\">\n\t\t\t\t<div class=\"elementor-widget-container\">\n\t\t\t<h2 class=\"elementor-heading-title elementor-size-default\">leonardo portelada<\/h2>\t\t<\/div>\n\t\t\t\t<\/div>\n\t\t\t\t<div class=\"elementor-element elementor-element-397cc96 elementor-widget elementor-widget-text-editor\" data-id=\"397cc96\" data-element_type=\"widget\" data-widget_type=\"text-editor.default\">\n\t\t\t\t<div class=\"elementor-widget-container\">\n\t\t\t\t\t\t\t<p>associate<\/p>\t\t\t\t\t\t<\/div>\n\t\t\t\t<\/div>\n\t\t\t\t<div class=\"elementor-element elementor-element-bad1edc elementor-widget-divider--view-line elementor-widget elementor-widget-divider\" data-id=\"bad1edc\" data-element_type=\"widget\" data-widget_type=\"divider.default\">\n\t\t\t\t<div class=\"elementor-widget-container\">\n\t\t\t\t\t<div class=\"elementor-divider\">\n\t\t\t<span class=\"elementor-divider-separator\">\n\t\t\t\t\t\t<\/span>\n\t\t<\/div>\n\t\t\t\t<\/div>\n\t\t\t\t<\/div>\n\t\t\t\t<div class=\"elementor-element elementor-element-b8dd4e7 elementor-view-default elementor-widget elementor-widget-icon\" data-id=\"b8dd4e7\" data-element_type=\"widget\" data-widget_type=\"icon.default\">\n\t\t\t\t<div class=\"elementor-widget-container\">\n\t\t\t\t\t<div class=\"elementor-icon-wrapper\">\n\t\t\t<a class=\"elementor-icon\" href=\"https:\/\/www.linkedin.com\/in\/leonardo-portelada-29257986\/\" target=\"_blank\">\n\t\t\t<i aria-hidden=\"true\" class=\"icon icon-linkedin\"><\/i>\t\t\t<\/a>\n\t\t<\/div>\n\t\t\t\t<\/div>\n\t\t\t\t<\/div>\n\t\t\t\t\t<\/div>\n\t\t<\/div>\n\t\t\t\t<div class=\"elementor-column elementor-col-33 elementor-top-column elementor-element elementor-element-e351edf elementor-invisible\" data-id=\"e351edf\" data-element_type=\"column\" data-settings=\"{&quot;animation&quot;:&quot;fadeIn&quot;,&quot;animation_delay&quot;:300}\">\n\t\t\t<div class=\"elementor-widget-wrap elementor-element-populated\">\n\t\t\t\t\t\t<div class=\"elementor-element elementor-element-5e3b403 equipe elementor-widget elementor-widget-image\" data-id=\"5e3b403\" data-element_type=\"widget\" data-widget_type=\"image.default\">\n\t\t\t\t<div class=\"elementor-widget-container\">\n\t\t\t\t\t\t\t\t\t\t\t\t\t\t<a href=\"\/eng\/joao-pedro-senedesi\/\">\n\t\t\t\t\t\t\t<img loading=\"lazy\" decoding=\"async\" width=\"600\" height=\"720\" src=\"https:\/\/wmt.com.br\/wp-content\/uploads\/2021\/05\/Joao_foto_equipe.jpg\" class=\"attachment-full size-full wp-image-789\" alt=\"\" srcset=\"https:\/\/wmt.com.br\/wp-content\/uploads\/2021\/05\/Joao_foto_equipe.jpg 600w, https:\/\/wmt.com.br\/wp-content\/uploads\/2021\/05\/Joao_foto_equipe-250x300.jpg 250w, https:\/\/wmt.com.br\/wp-content\/uploads\/2021\/05\/Joao_foto_equipe-10x12.jpg 10w\" sizes=\"(max-width: 600px) 100vw, 600px\" \/>\t\t\t\t\t\t\t\t<\/a>\n\t\t\t\t\t\t\t\t\t\t\t\t\t<\/div>\n\t\t\t\t<\/div>\n\t\t\t\t<div class=\"elementor-element elementor-element-09c4cee elementor-widget elementor-widget-heading\" data-id=\"09c4cee\" data-element_type=\"widget\" data-widget_type=\"heading.default\">\n\t\t\t\t<div class=\"elementor-widget-container\">\n\t\t\t<h2 class=\"elementor-heading-title elementor-size-default\">jo\u00e3o pedro senedesi<\/h2>\t\t<\/div>\n\t\t\t\t<\/div>\n\t\t\t\t<div class=\"elementor-element elementor-element-7292efc elementor-widget elementor-widget-text-editor\" data-id=\"7292efc\" data-element_type=\"widget\" data-widget_type=\"text-editor.default\">\n\t\t\t\t<div class=\"elementor-widget-container\">\n\t\t\t\t\t\t\t<p>associate<\/p>\t\t\t\t\t\t<\/div>\n\t\t\t\t<\/div>\n\t\t\t\t<div class=\"elementor-element elementor-element-e525933 elementor-widget-divider--view-line elementor-widget elementor-widget-divider\" data-id=\"e525933\" data-element_type=\"widget\" data-widget_type=\"divider.default\">\n\t\t\t\t<div class=\"elementor-widget-container\">\n\t\t\t\t\t<div class=\"elementor-divider\">\n\t\t\t<span class=\"elementor-divider-separator\">\n\t\t\t\t\t\t<\/span>\n\t\t<\/div>\n\t\t\t\t<\/div>\n\t\t\t\t<\/div>\n\t\t\t\t<div class=\"elementor-element elementor-element-9fc2cc1 elementor-view-default elementor-widget elementor-widget-icon\" data-id=\"9fc2cc1\" data-element_type=\"widget\" data-widget_type=\"icon.default\">\n\t\t\t\t<div class=\"elementor-widget-container\">\n\t\t\t\t\t<div class=\"elementor-icon-wrapper\">\n\t\t\t<a class=\"elementor-icon\" href=\"https:\/\/www.linkedin.com\/in\/joaosenedesi\/\" target=\"_blank\">\n\t\t\t<i aria-hidden=\"true\" class=\"icon icon-linkedin\"><\/i>\t\t\t<\/a>\n\t\t<\/div>\n\t\t\t\t<\/div>\n\t\t\t\t<\/div>\n\t\t\t\t\t<\/div>\n\t\t<\/div>\n\t\t\t\t<div class=\"elementor-column elementor-col-33 elementor-top-column elementor-element elementor-element-7cc4ea9\" data-id=\"7cc4ea9\" data-element_type=\"column\">\n\t\t\t<div class=\"elementor-widget-wrap\">\n\t\t\t\t\t\t\t<\/div>\n\t\t<\/div>\n\t\t\t\t\t<\/div>\n\t\t<\/section>\n\t\t\t\t<\/div>","protected":false},"excerpt":{"rendered":"<p>equipe lu\u00eds wielewicki s\u00f3cio rodrigo maia s\u00f3cio beatriz trovo s\u00f3cia leonardo portelada associado jo\u00e3o pedro senedesi associado<\/p>","protected":false},"author":1,"featured_media":1157,"parent":0,"menu_order":0,"comment_status":"closed","ping_status":"closed","template":"","meta":{"footnotes":""},"class_list":["post-124","page","type-page","status-publish","has-post-thumbnail","hentry"],"yoast_head":"<!-- This site is optimized with the Yoast SEO plugin v26.9 - https:\/\/yoast.com\/product\/yoast-seo-wordpress\/ -->\n<title>Equipe - WM&amp;T<\/title>\n<meta name=\"description\" content=\"Conhe\u00e7a a equipe completa da WM&amp;T. Lu\u00eds wielewicki, Rodrigo Maia, Beatriz Trovo, Arthur Teixeira, Leonardo Portelada...\" \/>\n<meta name=\"robots\" content=\"index, follow, max-snippet:-1, max-image-preview:large, max-video-preview:-1\" \/>\n<link rel=\"canonical\" href=\"https:\/\/wmt.com.br\/eng\/equipe\/\" \/>\n<meta property=\"og:locale\" content=\"en_US\" \/>\n<meta property=\"og:type\" content=\"article\" \/>\n<meta property=\"og:title\" content=\"Equipe - WM&amp;T\" \/>\n<meta property=\"og:description\" content=\"Conhe\u00e7a a equipe completa da WM&amp;T. Lu\u00eds wielewicki, Rodrigo Maia, Beatriz Trovo, Arthur Teixeira, Leonardo Portelada...\" \/>\n<meta property=\"og:url\" content=\"https:\/\/wmt.com.br\/eng\/equipe\/\" \/>\n<meta property=\"og:site_name\" content=\"WM&amp;T\" \/>\n<meta property=\"article:modified_time\" content=\"2026-01-22T21:00:53+00:00\" \/>\n<meta property=\"og:image\" content=\"https:\/\/wmt.com.br\/wp-content\/uploads\/2021\/06\/cropped-favicon_wmt3-1.png\" \/>\n\t<meta property=\"og:image:width\" content=\"512\" \/>\n\t<meta property=\"og:image:height\" content=\"512\" \/>\n\t<meta property=\"og:image:type\" content=\"image\/png\" \/>\n<meta name=\"twitter:card\" content=\"summary_large_image\" \/>\n<meta name=\"twitter:label1\" content=\"Est. reading time\" \/>\n\t<meta name=\"twitter:data1\" content=\"2 minutes\" \/>\n<script type=\"application\/ld+json\" class=\"yoast-schema-graph\">{\"@context\":\"https:\/\/schema.org\",\"@graph\":[{\"@type\":\"WebPage\",\"@id\":\"https:\/\/wmt.com.br\/equipe\/\",\"url\":\"https:\/\/wmt.com.br\/equipe\/\",\"name\":\"Equipe - WM&amp;T\",\"isPartOf\":{\"@id\":\"https:\/\/wmt.com.br\/#website\"},\"primaryImageOfPage\":{\"@id\":\"https:\/\/wmt.com.br\/equipe\/#primaryimage\"},\"image\":{\"@id\":\"https:\/\/wmt.com.br\/equipe\/#primaryimage\"},\"thumbnailUrl\":\"https:\/\/wmt.com.br\/wp-content\/uploads\/2021\/06\/cropped-favicon_wmt3-1.png\",\"datePublished\":\"2021-04-11T01:58:14+00:00\",\"dateModified\":\"2026-01-22T21:00:53+00:00\",\"description\":\"Conhe\u00e7a a equipe completa da WM&T. Lu\u00eds wielewicki, Rodrigo Maia, Beatriz Trovo, Arthur Teixeira, Leonardo Portelada...\",\"inLanguage\":\"en-US\",\"potentialAction\":[{\"@type\":\"ReadAction\",\"target\":[\"https:\/\/wmt.com.br\/equipe\/\"]}]},{\"@type\":\"ImageObject\",\"inLanguage\":\"en-US\",\"@id\":\"https:\/\/wmt.com.br\/equipe\/#primaryimage\",\"url\":\"https:\/\/wmt.com.br\/wp-content\/uploads\/2021\/06\/cropped-favicon_wmt3-1.png\",\"contentUrl\":\"https:\/\/wmt.com.br\/wp-content\/uploads\/2021\/06\/cropped-favicon_wmt3-1.png\",\"width\":512,\"height\":512},{\"@type\":\"WebSite\",\"@id\":\"https:\/\/wmt.com.br\/#website\",\"url\":\"https:\/\/wmt.com.br\/\",\"name\":\"WM&amp;T\",\"description\":\"\",\"publisher\":{\"@id\":\"https:\/\/wmt.com.br\/#organization\"},\"potentialAction\":[{\"@type\":\"SearchAction\",\"target\":{\"@type\":\"EntryPoint\",\"urlTemplate\":\"https:\/\/wmt.com.br\/?s={search_term_string}\"},\"query-input\":{\"@type\":\"PropertyValueSpecification\",\"valueRequired\":true,\"valueName\":\"search_term_string\"}}],\"inLanguage\":\"en-US\"},{\"@type\":\"Organization\",\"@id\":\"https:\/\/wmt.com.br\/#organization\",\"name\":\"WM&amp;T\",\"url\":\"https:\/\/wmt.com.br\/\",\"logo\":{\"@type\":\"ImageObject\",\"inLanguage\":\"en-US\",\"@id\":\"https:\/\/wmt.com.br\/#\/schema\/logo\/image\/\",\"url\":\"https:\/\/wmt.com.br\/wp-content\/uploads\/2021\/06\/cropped-favicon_wmt.png\",\"contentUrl\":\"https:\/\/wmt.com.br\/wp-content\/uploads\/2021\/06\/cropped-favicon_wmt.png\",\"width\":512,\"height\":512,\"caption\":\"WM&amp;T\"},\"image\":{\"@id\":\"https:\/\/wmt.com.br\/#\/schema\/logo\/image\/\"}}]}<\/script>\n<!-- \/ Yoast SEO plugin. -->","yoast_head_json":{"title":"Equipe - WM&amp;T","description":"Conhe\u00e7a a equipe completa da WM&T. Lu\u00eds wielewicki, Rodrigo Maia, Beatriz Trovo, Arthur Teixeira, Leonardo Portelada...","robots":{"index":"index","follow":"follow","max-snippet":"max-snippet:-1","max-image-preview":"max-image-preview:large","max-video-preview":"max-video-preview:-1"},"canonical":"https:\/\/wmt.com.br\/eng\/equipe\/","og_locale":"en_US","og_type":"article","og_title":"Equipe - WM&amp;T","og_description":"Conhe\u00e7a a equipe completa da WM&T. Lu\u00eds wielewicki, Rodrigo Maia, Beatriz Trovo, Arthur Teixeira, Leonardo Portelada...","og_url":"https:\/\/wmt.com.br\/eng\/equipe\/","og_site_name":"WM&amp;T","article_modified_time":"2026-01-22T21:00:53+00:00","og_image":[{"width":512,"height":512,"url":"https:\/\/wmt.com.br\/wp-content\/uploads\/2021\/06\/cropped-favicon_wmt3-1.png","type":"image\/png"}],"twitter_card":"summary_large_image","twitter_misc":{"Est. reading time":"2 minutes"},"schema":{"@context":"https:\/\/schema.org","@graph":[{"@type":"WebPage","@id":"https:\/\/wmt.com.br\/equipe\/","url":"https:\/\/wmt.com.br\/equipe\/","name":"Equipe - WM&amp;T","isPartOf":{"@id":"https:\/\/wmt.com.br\/#website"},"primaryImageOfPage":{"@id":"https:\/\/wmt.com.br\/equipe\/#primaryimage"},"image":{"@id":"https:\/\/wmt.com.br\/equipe\/#primaryimage"},"thumbnailUrl":"https:\/\/wmt.com.br\/wp-content\/uploads\/2021\/06\/cropped-favicon_wmt3-1.png","datePublished":"2021-04-11T01:58:14+00:00","dateModified":"2026-01-22T21:00:53+00:00","description":"Conhe\u00e7a a equipe completa da WM&T. Lu\u00eds wielewicki, Rodrigo Maia, Beatriz Trovo, Arthur Teixeira, Leonardo Portelada...","inLanguage":"en-US","potentialAction":[{"@type":"ReadAction","target":["https:\/\/wmt.com.br\/equipe\/"]}]},{"@type":"ImageObject","inLanguage":"en-US","@id":"https:\/\/wmt.com.br\/equipe\/#primaryimage","url":"https:\/\/wmt.com.br\/wp-content\/uploads\/2021\/06\/cropped-favicon_wmt3-1.png","contentUrl":"https:\/\/wmt.com.br\/wp-content\/uploads\/2021\/06\/cropped-favicon_wmt3-1.png","width":512,"height":512},{"@type":"WebSite","@id":"https:\/\/wmt.com.br\/#website","url":"https:\/\/wmt.com.br\/","name":"WM&amp;T","description":"","publisher":{"@id":"https:\/\/wmt.com.br\/#organization"},"potentialAction":[{"@type":"SearchAction","target":{"@type":"EntryPoint","urlTemplate":"https:\/\/wmt.com.br\/?s={search_term_string}"},"query-input":{"@type":"PropertyValueSpecification","valueRequired":true,"valueName":"search_term_string"}}],"inLanguage":"en-US"},{"@type":"Organization","@id":"https:\/\/wmt.com.br\/#organization","name":"WM&amp;T","url":"https:\/\/wmt.com.br\/","logo":{"@type":"ImageObject","inLanguage":"en-US","@id":"https:\/\/wmt.com.br\/#\/schema\/logo\/image\/","url":"https:\/\/wmt.com.br\/wp-content\/uploads\/2021\/06\/cropped-favicon_wmt.png","contentUrl":"https:\/\/wmt.com.br\/wp-content\/uploads\/2021\/06\/cropped-favicon_wmt.png","width":512,"height":512,"caption":"WM&amp;T"},"image":{"@id":"https:\/\/wmt.com.br\/#\/schema\/logo\/image\/"}}]}},"_links":{"self":[{"href":"https:\/\/wmt.com.br\/eng\/wp-json\/wp\/v2\/pages\/124","targetHints":{"allow":["GET"]}}],"collection":[{"href":"https:\/\/wmt.com.br\/eng\/wp-json\/wp\/v2\/pages"}],"about":[{"href":"https:\/\/wmt.com.br\/eng\/wp-json\/wp\/v2\/types\/page"}],"author":[{"embeddable":true,"href":"https:\/\/wmt.com.br\/eng\/wp-json\/wp\/v2\/users\/1"}],"replies":[{"embeddable":true,"href":"https:\/\/wmt.com.br\/eng\/wp-json\/wp\/v2\/comments?post=124"}],"version-history":[{"count":140,"href":"https:\/\/wmt.com.br\/eng\/wp-json\/wp\/v2\/pages\/124\/revisions"}],"predecessor-version":[{"id":1369,"href":"https:\/\/wmt.com.br\/eng\/wp-json\/wp\/v2\/pages\/124\/revisions\/1369"}],"wp:featuredmedia":[{"embeddable":true,"href":"https:\/\/wmt.com.br\/eng\/wp-json\/wp\/v2\/media\/1157"}],"wp:attachment":[{"href":"https:\/\/wmt.com.br\/eng\/wp-json\/wp\/v2\/media?parent=124"}],"curies":[{"name":"wp","href":"https:\/\/api.w.org\/{rel}","templated":true}]}}