{"id":145,"date":"2021-04-10T23:12:24","date_gmt":"2021-04-11T02:12:24","guid":{"rendered":"http:\/\/wmt.com.br\/?page_id=145"},"modified":"2021-06-07T18:32:22","modified_gmt":"2021-06-07T21:32:22","slug":"o-escritorio","status":"publish","type":"page","link":"https:\/\/wmt.com.br\/eng\/o-escritorio\/","title":{"rendered":"O Escrit\u00f3rio"},"content":{"rendered":"<div data-elementor-type=\"wp-page\" data-elementor-id=\"145\" class=\"elementor elementor-145\" data-elementor-post-type=\"page\">\n\t\t\t\t\t\t<section class=\"elementor-section elementor-top-section elementor-element elementor-element-b9b45fc elementor-section-full_width elementor-section-height-min-height elementor-section-height-default elementor-section-items-middle\" data-id=\"b9b45fc\" data-element_type=\"section\" id=\"top\" data-settings=\"{&quot;background_background&quot;:&quot;classic&quot;}\">\n\t\t\t\t\t\t<div class=\"elementor-container elementor-column-gap-default\">\n\t\t\t\t\t<div class=\"elementor-column elementor-col-100 elementor-top-column elementor-element elementor-element-c7ca11f\" data-id=\"c7ca11f\" data-element_type=\"column\">\n\t\t\t<div class=\"elementor-widget-wrap\">\n\t\t\t\t\t\t\t<\/div>\n\t\t<\/div>\n\t\t\t\t\t<\/div>\n\t\t<\/section>\n\t\t\t\t<section class=\"elementor-section elementor-top-section elementor-element elementor-element-e1850be elementor-section-boxed elementor-section-height-default elementor-section-height-default\" data-id=\"e1850be\" data-element_type=\"section\">\n\t\t\t\t\t\t<div class=\"elementor-container elementor-column-gap-default\">\n\t\t\t\t\t<div class=\"elementor-column elementor-col-33 elementor-top-column elementor-element elementor-element-c181512 elementor-invisible\" data-id=\"c181512\" data-element_type=\"column\" data-settings=\"{&quot;animation&quot;:&quot;fadeIn&quot;}\">\n\t\t\t<div class=\"elementor-widget-wrap elementor-element-populated\">\n\t\t\t\t\t\t<div class=\"elementor-element elementor-element-65b832c elementor-widget-divider--view-line elementor-widget elementor-widget-divider\" data-id=\"65b832c\" data-element_type=\"widget\" data-widget_type=\"divider.default\">\n\t\t\t\t<div class=\"elementor-widget-container\">\n\t\t\t\t\t<div class=\"elementor-divider\">\n\t\t\t<span class=\"elementor-divider-separator\">\n\t\t\t\t\t\t<\/span>\n\t\t<\/div>\n\t\t\t\t<\/div>\n\t\t\t\t<\/div>\n\t\t\t\t<div class=\"elementor-element elementor-element-0436114 elementor-widget elementor-widget-text-editor\" data-id=\"0436114\" data-element_type=\"widget\" data-widget_type=\"text-editor.default\">\n\t\t\t\t<div class=\"elementor-widget-container\">\n\t\t\t\t\t\t\t<p>the firm<\/p>\t\t\t\t\t\t<\/div>\n\t\t\t\t<\/div>\n\t\t\t\t\t<\/div>\n\t\t<\/div>\n\t\t\t\t<div class=\"elementor-column elementor-col-33 elementor-top-column elementor-element elementor-element-f4d893a elementor-invisible\" data-id=\"f4d893a\" data-element_type=\"column\" data-settings=\"{&quot;animation&quot;:&quot;fadeIn&quot;,&quot;animation_delay&quot;:100}\">\n\t\t\t<div class=\"elementor-widget-wrap elementor-element-populated\">\n\t\t\t\t\t\t<div class=\"elementor-element elementor-element-e15d8ba elementor-widget elementor-widget-text-editor\" data-id=\"e15d8ba\" data-element_type=\"widget\" data-widget_type=\"text-editor.default\">\n\t\t\t\t<div class=\"elementor-widget-container\">\n\t\t\t\t\t\t\t<p class=\"translation-block\"><strong>wm&amp;t<\/strong> was founded in 2021 by Lu\u00eds Wielewicki, Rodrigo Maia and Beatriz Trovo.  Our practice areas are anticorruption and compliance, corporate law and capital markets.<\/p><p>We exclusively advise companies, investment funds and financial institutions, with an emphasis in publicly traded entities, Brazilian or subsidiaries of foreign multinationals.<\/p><p class=\"translation-block\">We are a boutique firm.  We work on complex matters, having acted in some of the most relevant Brazilian cases in the areas we provide legal advice.\n\nIn the anticorruption area, our practice is focused on internal investigations and negotiation of large-scale cases before Brazilian authorities.  We acted in some of the largest corporate investigations in Brazil to date, having advised private local corporations, foreign multinationals, and state-owned entities.  We took part in the definition of strategies, negotiation and implementation of some of the largest leniency agreements entered in the country.<\/p>\t\t\t\t\t\t<\/div>\n\t\t\t\t<\/div>\n\t\t\t\t\t<\/div>\n\t\t<\/div>\n\t\t\t\t<div class=\"elementor-column elementor-col-33 elementor-top-column elementor-element elementor-element-20c1ee2 elementor-invisible\" data-id=\"20c1ee2\" data-element_type=\"column\" data-settings=\"{&quot;animation&quot;:&quot;fadeIn&quot;,&quot;animation_delay&quot;:200}\">\n\t\t\t<div class=\"elementor-widget-wrap elementor-element-populated\">\n\t\t\t\t\t\t<div class=\"elementor-element elementor-element-fe0dc4f elementor-widget elementor-widget-text-editor\" data-id=\"fe0dc4f\" data-element_type=\"widget\" data-widget_type=\"text-editor.default\">\n\t\t\t\t<div class=\"elementor-widget-container\">\n\t\t\t\t\t\t\t<p class=\"translation-block\">We are specially known for advising companies in joint resolutions with Brazilian and foreign authorities (global settlements) in coordination with foreign firms.  We have experience in the negotiation of settlements with the Brazilian General Attorneys\u2019 Office (AGU), General Comptrollers\u2019 Office (CGU), Federal Prosecutors\u2019 Office (MPF), Securities and Exchange Commission (CVM), Brazilian Central Bank (BACEN) and Offices of State Prosecutors.<\/p><p>We also have vast experience in the corporate and capital markets area.  This includes corporate finance and project finance transactional work.  We often advise clients in issuance of securities, such as notes issuance and formation of investment funds.  We advise local and foreign companies, including financial institutions, in the negotiation and renegotiation of credit facilities.  In the corporate field, we advise publicly traded companies in equity transactions, including M&amp;A transactions, and also acting as their disclosing counsel.\u00a0<\/p>\t\t\t\t\t\t<\/div>\n\t\t\t\t<\/div>\n\t\t\t\t\t<\/div>\n\t\t<\/div>\n\t\t\t\t\t<\/div>\n\t\t<\/section>\n\t\t\t\t<section class=\"elementor-section elementor-top-section elementor-element elementor-element-b411feb elementor-section-height-min-height elementor-section-boxed elementor-section-height-default elementor-section-items-middle\" data-id=\"b411feb\" data-element_type=\"section\" data-settings=\"{&quot;background_background&quot;:&quot;classic&quot;}\">\n\t\t\t\t\t\t<div class=\"elementor-container elementor-column-gap-default\">\n\t\t\t\t\t<div class=\"elementor-column elementor-col-100 elementor-top-column elementor-element elementor-element-1f98d45\" data-id=\"1f98d45\" data-element_type=\"column\">\n\t\t\t<div class=\"elementor-widget-wrap\">\n\t\t\t\t\t\t\t<\/div>\n\t\t<\/div>\n\t\t\t\t\t<\/div>\n\t\t<\/section>\n\t\t\t\t<\/div>","protected":false},"excerpt":{"rendered":"<p>o escrit\u00f3rio wm&amp;t foi fundado em 2021 por Lu\u00eds Wielewicki, Rodrigo Maia e Beatriz Trovo.&nbsp; Temos como \u00e1reas de atua\u00e7\u00e3o anticorrup\u00e7\u00e3o e conformidade (compliance), direito societ\u00e1rio e mercado de capitais. Atuamos exclusivamente em nome de empresas, fundos de investimentos e institui\u00e7\u00f5es financeiras, com \u00eanfase em companhias de capital aberto, sejam brasileiras, sejam subsidi\u00e1rias de multinacionais [&hellip;]<\/p>","protected":false},"author":1,"featured_media":1157,"parent":0,"menu_order":0,"comment_status":"closed","ping_status":"closed","template":"","meta":{"footnotes":""},"class_list":["post-145","page","type-page","status-publish","has-post-thumbnail","hentry"],"yoast_head":"<!-- This site is optimized with the Yoast SEO plugin v26.9 - https:\/\/yoast.com\/product\/yoast-seo-wordpress\/ -->\n<title>O Escrit\u00f3rio - WM&amp;T<\/title>\n<meta name=\"description\" content=\"wm&amp;t foi fundado em 2021 por Lu\u00eds Wielewicki, Rodrigo Maia e Beatriz Trovo. Temos como \u00e1reas de atua\u00e7\u00e3o anticorrup\u00e7\u00e3o e conformidade\" \/>\n<meta name=\"robots\" content=\"index, follow, max-snippet:-1, max-image-preview:large, max-video-preview:-1\" \/>\n<link rel=\"canonical\" href=\"https:\/\/wmt.com.br\/eng\/o-escritorio\/\" \/>\n<meta property=\"og:locale\" content=\"en_US\" \/>\n<meta property=\"og:type\" content=\"article\" \/>\n<meta property=\"og:title\" content=\"O Escrit\u00f3rio - WM&amp;T\" \/>\n<meta property=\"og:description\" content=\"wm&amp;t foi fundado em 2021 por Lu\u00eds Wielewicki, Rodrigo Maia e Beatriz Trovo. Temos como \u00e1reas de atua\u00e7\u00e3o anticorrup\u00e7\u00e3o e conformidade\" \/>\n<meta property=\"og:url\" content=\"https:\/\/wmt.com.br\/eng\/o-escritorio\/\" \/>\n<meta property=\"og:site_name\" content=\"WM&amp;T\" \/>\n<meta property=\"article:modified_time\" content=\"2021-06-07T21:32:22+00:00\" \/>\n<meta property=\"og:image\" content=\"https:\/\/wmt.com.br\/wp-content\/uploads\/2021\/06\/cropped-favicon_wmt3-1.png\" \/>\n\t<meta property=\"og:image:width\" content=\"512\" \/>\n\t<meta property=\"og:image:height\" content=\"512\" \/>\n\t<meta property=\"og:image:type\" content=\"image\/png\" \/>\n<meta name=\"twitter:card\" content=\"summary_large_image\" \/>\n<meta name=\"twitter:label1\" content=\"Est. reading time\" \/>\n\t<meta name=\"twitter:data1\" content=\"2 minutes\" \/>\n<script type=\"application\/ld+json\" class=\"yoast-schema-graph\">{\"@context\":\"https:\/\/schema.org\",\"@graph\":[{\"@type\":\"WebPage\",\"@id\":\"https:\/\/wmt.com.br\/o-escritorio\/\",\"url\":\"https:\/\/wmt.com.br\/o-escritorio\/\",\"name\":\"O Escrit\u00f3rio - WM&amp;T\",\"isPartOf\":{\"@id\":\"https:\/\/wmt.com.br\/#website\"},\"primaryImageOfPage\":{\"@id\":\"https:\/\/wmt.com.br\/o-escritorio\/#primaryimage\"},\"image\":{\"@id\":\"https:\/\/wmt.com.br\/o-escritorio\/#primaryimage\"},\"thumbnailUrl\":\"https:\/\/wmt.com.br\/wp-content\/uploads\/2021\/06\/cropped-favicon_wmt3-1.png\",\"datePublished\":\"2021-04-11T02:12:24+00:00\",\"dateModified\":\"2021-06-07T21:32:22+00:00\",\"description\":\"wm&t foi fundado em 2021 por Lu\u00eds Wielewicki, Rodrigo Maia e Beatriz Trovo. Temos como \u00e1reas de atua\u00e7\u00e3o anticorrup\u00e7\u00e3o e conformidade\",\"inLanguage\":\"en-US\",\"potentialAction\":[{\"@type\":\"ReadAction\",\"target\":[\"https:\/\/wmt.com.br\/o-escritorio\/\"]}]},{\"@type\":\"ImageObject\",\"inLanguage\":\"en-US\",\"@id\":\"https:\/\/wmt.com.br\/o-escritorio\/#primaryimage\",\"url\":\"https:\/\/wmt.com.br\/wp-content\/uploads\/2021\/06\/cropped-favicon_wmt3-1.png\",\"contentUrl\":\"https:\/\/wmt.com.br\/wp-content\/uploads\/2021\/06\/cropped-favicon_wmt3-1.png\",\"width\":512,\"height\":512},{\"@type\":\"WebSite\",\"@id\":\"https:\/\/wmt.com.br\/#website\",\"url\":\"https:\/\/wmt.com.br\/\",\"name\":\"WM&amp;T\",\"description\":\"\",\"publisher\":{\"@id\":\"https:\/\/wmt.com.br\/#organization\"},\"potentialAction\":[{\"@type\":\"SearchAction\",\"target\":{\"@type\":\"EntryPoint\",\"urlTemplate\":\"https:\/\/wmt.com.br\/?s={search_term_string}\"},\"query-input\":{\"@type\":\"PropertyValueSpecification\",\"valueRequired\":true,\"valueName\":\"search_term_string\"}}],\"inLanguage\":\"en-US\"},{\"@type\":\"Organization\",\"@id\":\"https:\/\/wmt.com.br\/#organization\",\"name\":\"WM&amp;T\",\"url\":\"https:\/\/wmt.com.br\/\",\"logo\":{\"@type\":\"ImageObject\",\"inLanguage\":\"en-US\",\"@id\":\"https:\/\/wmt.com.br\/#\/schema\/logo\/image\/\",\"url\":\"https:\/\/wmt.com.br\/wp-content\/uploads\/2021\/06\/cropped-favicon_wmt.png\",\"contentUrl\":\"https:\/\/wmt.com.br\/wp-content\/uploads\/2021\/06\/cropped-favicon_wmt.png\",\"width\":512,\"height\":512,\"caption\":\"WM&amp;T\"},\"image\":{\"@id\":\"https:\/\/wmt.com.br\/#\/schema\/logo\/image\/\"}}]}<\/script>\n<!-- \/ Yoast SEO plugin. -->","yoast_head_json":{"title":"O Escrit\u00f3rio - WM&amp;T","description":"wm&t foi fundado em 2021 por Lu\u00eds Wielewicki, Rodrigo Maia e Beatriz Trovo. Temos como \u00e1reas de atua\u00e7\u00e3o anticorrup\u00e7\u00e3o e conformidade","robots":{"index":"index","follow":"follow","max-snippet":"max-snippet:-1","max-image-preview":"max-image-preview:large","max-video-preview":"max-video-preview:-1"},"canonical":"https:\/\/wmt.com.br\/eng\/o-escritorio\/","og_locale":"en_US","og_type":"article","og_title":"O Escrit\u00f3rio - WM&amp;T","og_description":"wm&t foi fundado em 2021 por Lu\u00eds Wielewicki, Rodrigo Maia e Beatriz Trovo. Temos como \u00e1reas de atua\u00e7\u00e3o anticorrup\u00e7\u00e3o e conformidade","og_url":"https:\/\/wmt.com.br\/eng\/o-escritorio\/","og_site_name":"WM&amp;T","article_modified_time":"2021-06-07T21:32:22+00:00","og_image":[{"width":512,"height":512,"url":"https:\/\/wmt.com.br\/wp-content\/uploads\/2021\/06\/cropped-favicon_wmt3-1.png","type":"image\/png"}],"twitter_card":"summary_large_image","twitter_misc":{"Est. reading time":"2 minutes"},"schema":{"@context":"https:\/\/schema.org","@graph":[{"@type":"WebPage","@id":"https:\/\/wmt.com.br\/o-escritorio\/","url":"https:\/\/wmt.com.br\/o-escritorio\/","name":"O Escrit\u00f3rio - WM&amp;T","isPartOf":{"@id":"https:\/\/wmt.com.br\/#website"},"primaryImageOfPage":{"@id":"https:\/\/wmt.com.br\/o-escritorio\/#primaryimage"},"image":{"@id":"https:\/\/wmt.com.br\/o-escritorio\/#primaryimage"},"thumbnailUrl":"https:\/\/wmt.com.br\/wp-content\/uploads\/2021\/06\/cropped-favicon_wmt3-1.png","datePublished":"2021-04-11T02:12:24+00:00","dateModified":"2021-06-07T21:32:22+00:00","description":"wm&t foi fundado em 2021 por Lu\u00eds Wielewicki, Rodrigo Maia e Beatriz Trovo. Temos como \u00e1reas de atua\u00e7\u00e3o anticorrup\u00e7\u00e3o e conformidade","inLanguage":"en-US","potentialAction":[{"@type":"ReadAction","target":["https:\/\/wmt.com.br\/o-escritorio\/"]}]},{"@type":"ImageObject","inLanguage":"en-US","@id":"https:\/\/wmt.com.br\/o-escritorio\/#primaryimage","url":"https:\/\/wmt.com.br\/wp-content\/uploads\/2021\/06\/cropped-favicon_wmt3-1.png","contentUrl":"https:\/\/wmt.com.br\/wp-content\/uploads\/2021\/06\/cropped-favicon_wmt3-1.png","width":512,"height":512},{"@type":"WebSite","@id":"https:\/\/wmt.com.br\/#website","url":"https:\/\/wmt.com.br\/","name":"WM&amp;T","description":"","publisher":{"@id":"https:\/\/wmt.com.br\/#organization"},"potentialAction":[{"@type":"SearchAction","target":{"@type":"EntryPoint","urlTemplate":"https:\/\/wmt.com.br\/?s={search_term_string}"},"query-input":{"@type":"PropertyValueSpecification","valueRequired":true,"valueName":"search_term_string"}}],"inLanguage":"en-US"},{"@type":"Organization","@id":"https:\/\/wmt.com.br\/#organization","name":"WM&amp;T","url":"https:\/\/wmt.com.br\/","logo":{"@type":"ImageObject","inLanguage":"en-US","@id":"https:\/\/wmt.com.br\/#\/schema\/logo\/image\/","url":"https:\/\/wmt.com.br\/wp-content\/uploads\/2021\/06\/cropped-favicon_wmt.png","contentUrl":"https:\/\/wmt.com.br\/wp-content\/uploads\/2021\/06\/cropped-favicon_wmt.png","width":512,"height":512,"caption":"WM&amp;T"},"image":{"@id":"https:\/\/wmt.com.br\/#\/schema\/logo\/image\/"}}]}},"_links":{"self":[{"href":"https:\/\/wmt.com.br\/eng\/wp-json\/wp\/v2\/pages\/145","targetHints":{"allow":["GET"]}}],"collection":[{"href":"https:\/\/wmt.com.br\/eng\/wp-json\/wp\/v2\/pages"}],"about":[{"href":"https:\/\/wmt.com.br\/eng\/wp-json\/wp\/v2\/types\/page"}],"author":[{"embeddable":true,"href":"https:\/\/wmt.com.br\/eng\/wp-json\/wp\/v2\/users\/1"}],"replies":[{"embeddable":true,"href":"https:\/\/wmt.com.br\/eng\/wp-json\/wp\/v2\/comments?post=145"}],"version-history":[{"count":98,"href":"https:\/\/wmt.com.br\/eng\/wp-json\/wp\/v2\/pages\/145\/revisions"}],"predecessor-version":[{"id":1196,"href":"https:\/\/wmt.com.br\/eng\/wp-json\/wp\/v2\/pages\/145\/revisions\/1196"}],"wp:featuredmedia":[{"embeddable":true,"href":"https:\/\/wmt.com.br\/eng\/wp-json\/wp\/v2\/media\/1157"}],"wp:attachment":[{"href":"https:\/\/wmt.com.br\/eng\/wp-json\/wp\/v2\/media?parent=145"}],"curies":[{"name":"wp","href":"https:\/\/api.w.org\/{rel}","templated":true}]}}