{"id":868,"date":"2021-05-31T19:25:26","date_gmt":"2021-05-31T22:25:26","guid":{"rendered":"http:\/\/wmt.com.br\/?page_id=868"},"modified":"2022-08-30T16:33:33","modified_gmt":"2022-08-30T19:33:33","slug":"leonardo-portelada","status":"publish","type":"page","link":"https:\/\/wmt.com.br\/eng\/leonardo-portelada\/","title":{"rendered":"Leonardo Portelada"},"content":{"rendered":"<div data-elementor-type=\"wp-page\" data-elementor-id=\"868\" class=\"elementor elementor-868\" data-elementor-post-type=\"page\">\n\t\t\t\t\t\t<section class=\"elementor-section elementor-top-section elementor-element elementor-element-32209d6a elementor-section-boxed elementor-section-height-default elementor-section-height-default\" data-id=\"32209d6a\" data-element_type=\"section\">\n\t\t\t\t\t\t<div class=\"elementor-container elementor-column-gap-default\">\n\t\t\t\t\t<div class=\"elementor-column elementor-col-50 elementor-top-column elementor-element elementor-element-5652da47 elementor-invisible\" data-id=\"5652da47\" data-element_type=\"column\" data-settings=\"{&quot;animation&quot;:&quot;fadeIn&quot;}\">\n\t\t\t<div class=\"elementor-widget-wrap elementor-element-populated\">\n\t\t\t\t\t\t<div class=\"elementor-element elementor-element-161a5b7f elementor-widget elementor-widget-image\" data-id=\"161a5b7f\" data-element_type=\"widget\" data-widget_type=\"image.default\">\n\t\t\t\t<div class=\"elementor-widget-container\">\n\t\t\t\t\t\t\t\t\t\t\t\t\t<img fetchpriority=\"high\" decoding=\"async\" width=\"600\" height=\"720\" src=\"https:\/\/wmt.com.br\/wp-content\/uploads\/2021\/05\/Leonardo_foto_pessoal.jpg\" class=\"attachment-large size-large wp-image-873\" alt=\"\" srcset=\"https:\/\/wmt.com.br\/wp-content\/uploads\/2021\/05\/Leonardo_foto_pessoal.jpg 600w, https:\/\/wmt.com.br\/wp-content\/uploads\/2021\/05\/Leonardo_foto_pessoal-250x300.jpg 250w, https:\/\/wmt.com.br\/wp-content\/uploads\/2021\/05\/Leonardo_foto_pessoal-10x12.jpg 10w\" sizes=\"(max-width: 600px) 100vw, 600px\" \/>\t\t\t\t\t\t\t\t\t\t\t\t\t<\/div>\n\t\t\t\t<\/div>\n\t\t\t\t<div class=\"elementor-element elementor-element-4d6f6cea elementor-widget elementor-widget-text-editor\" data-id=\"4d6f6cea\" data-element_type=\"widget\" data-widget_type=\"text-editor.default\">\n\t\t\t\t<div class=\"elementor-widget-container\">\n\t\t\t\t\t\t\t<p>contact<\/p>\t\t\t\t\t\t<\/div>\n\t\t\t\t<\/div>\n\t\t\t\t<div class=\"elementor-element elementor-element-447f151a link elementor-widget elementor-widget-text-editor\" data-id=\"447f151a\" data-element_type=\"widget\" data-widget_type=\"text-editor.default\">\n\t\t\t\t<div class=\"elementor-widget-container\">\n\t\t\t\t\t\t\t<p><a href=\"mailto:leonardo@wmt.com.br\">leonardo@wmt.com.br<\/a><\/p>\t\t\t\t\t\t<\/div>\n\t\t\t\t<\/div>\n\t\t\t\t<div class=\"elementor-element elementor-element-65458f91 elementor-view-default elementor-widget elementor-widget-icon\" data-id=\"65458f91\" data-element_type=\"widget\" data-widget_type=\"icon.default\">\n\t\t\t\t<div class=\"elementor-widget-container\">\n\t\t\t\t\t<div class=\"elementor-icon-wrapper\">\n\t\t\t<a class=\"elementor-icon\" href=\"https:\/\/www.linkedin.com\/in\/leonardo-portelada-29257986\/\" target=\"_blank\">\n\t\t\t<i aria-hidden=\"true\" class=\"icon icon-linkedin\"><\/i>\t\t\t<\/a>\n\t\t<\/div>\n\t\t\t\t<\/div>\n\t\t\t\t<\/div>\n\t\t\t\t\t<\/div>\n\t\t<\/div>\n\t\t\t\t<div class=\"elementor-column elementor-col-50 elementor-top-column elementor-element elementor-element-1e94dbe4 elementor-invisible\" data-id=\"1e94dbe4\" data-element_type=\"column\" data-settings=\"{&quot;animation&quot;:&quot;fadeIn&quot;,&quot;animation_delay&quot;:200}\">\n\t\t\t<div class=\"elementor-widget-wrap elementor-element-populated\">\n\t\t\t\t\t\t<div class=\"elementor-element elementor-element-5270e102 elementor-widget elementor-widget-text-editor\" data-id=\"5270e102\" data-element_type=\"widget\" data-widget_type=\"text-editor.default\">\n\t\t\t\t<div class=\"elementor-widget-container\">\n\t\t\t\t\t\t\t<p>leonardo portelada<\/p>\t\t\t\t\t\t<\/div>\n\t\t\t\t<\/div>\n\t\t\t\t<div class=\"elementor-element elementor-element-6b4a443f elementor-widget elementor-widget-text-editor\" data-id=\"6b4a443f\" data-element_type=\"widget\" data-widget_type=\"text-editor.default\">\n\t\t\t\t<div class=\"elementor-widget-container\">\n\t\t\t\t\t\t\t<p>associate<\/p>\t\t\t\t\t\t<\/div>\n\t\t\t\t<\/div>\n\t\t\t\t<div class=\"elementor-element elementor-element-522dde6a elementor-widget elementor-widget-text-editor\" data-id=\"522dde6a\" data-element_type=\"widget\" data-widget_type=\"text-editor.default\">\n\t\t\t\t<div class=\"elementor-widget-container\">\n\t\t\t\t\t\t\t<p class=\"translation-block\">Leonardo Portelada dedicates his practice to corporate transactions, finance and guarantee structuring, commercial agreements, public and private offerings of debt instruments in Brazil and abroad. He also advises Brazilian and foreign clients in connection with local regulatory agencies, such as, the Brazilian Securities and Exchange Commission (CVM), the Brazilian Central Bank (BACEN) and others. He also works on compliance and anticorruption cases.<\/p><p class=\"translation-block\">Leonardo Portelada was part in several finance and capital market transactions. He has experience in issuance of bonds, corporate finance and project finance transactions. He has worked in corporate transactions related to the education, health and entertainment sectors, advising buyers and sellers in cases of mergers and acquisitions (M&amp;A), as well as providing assistance in the negotiation of strategic investments made by Brazilian and foreign investors. Leonardo also advised in the structuring and review of compliance programs, including the auditing of companies related to covenants set forth in leniency agreements. He also worked in corporate investigations.<\/p><p class=\"translation-block\">Leonardo Portelada has worked in well- renowned law firms, such as, Mattos Filho Advogados, Tauil &amp; Chequer in association with Mayer Brown LLP and Sampaio Ferraz Advogados. He is also a Board member at Instituto Tellus, a consultancy firm focused on innovation in the public sector and in design of public policies.<\/p><p class=\"translation-block\">Leonardo Portelada participated in the study published by the Transparency International named \u201c2011 Corruption Perceptions Index.\u201d It dealt on the perception of corruption in 183 countries and the enforcement of anti-corruption regulations in those countries.<\/p><p class=\"translation-block\">Leonardo Portelada holds a law degree from the Get\u00falio Vargas Foundation at S\u00e3o Paulo (FGV\/SP), with a postgraduate degree in Compliance from the Pontifical Catholic University of S\u00e3o Paulo (PUC\/SP) and a post-graduate degree in LGPD, Governance and Compliance from the University of S\u00e3o Paulo (USP).<\/p>\t\t\t\t\t\t<\/div>\n\t\t\t\t<\/div>\n\t\t\t\t\t<\/div>\n\t\t<\/div>\n\t\t\t\t\t<\/div>\n\t\t<\/section>\n\t\t\t\t<\/div>","protected":false},"excerpt":{"rendered":"<p>contato leonardo@wmt.com.br leonardo portelada associado Leonardo Portelada tem atua\u00e7\u00e3o em opera\u00e7\u00f5es societ\u00e1rias, estrutura\u00e7\u00e3o de financiamentos e suas respectivas garantias, contratos comerciais, ofertas p\u00fablicas e privadas de instrumentos de d\u00edvida no Brasil e no exterior. Tamb\u00e9m atua em consultoria a clientes brasileiros e estrangeiros no atendimento a regula\u00e7\u00f5es da Comiss\u00e3o de Valores Mobili\u00e1rios, Banco Central do [&hellip;]<\/p>","protected":false},"author":1,"featured_media":0,"parent":0,"menu_order":0,"comment_status":"closed","ping_status":"closed","template":"","meta":{"footnotes":""},"class_list":["post-868","page","type-page","status-publish","hentry"],"yoast_head":"<!-- This site is optimized with the Yoast SEO plugin v26.9 - https:\/\/yoast.com\/product\/yoast-seo-wordpress\/ -->\n<title>Leonardo Portelada - WM&amp;T<\/title>\n<meta name=\"description\" content=\"Leonardo Portelada tem atua\u00e7\u00e3o em opera\u00e7\u00f5es societ\u00e1rias, estrutura\u00e7\u00e3o de financiamentos e suas respectivas garantias\" \/>\n<meta name=\"robots\" content=\"index, follow, max-snippet:-1, max-image-preview:large, max-video-preview:-1\" \/>\n<link rel=\"canonical\" href=\"https:\/\/wmt.com.br\/eng\/leonardo-portelada\/\" \/>\n<meta property=\"og:locale\" content=\"en_US\" \/>\n<meta property=\"og:type\" content=\"article\" \/>\n<meta property=\"og:title\" content=\"Leonardo Portelada - WM&amp;T\" \/>\n<meta property=\"og:description\" content=\"Leonardo Portelada tem atua\u00e7\u00e3o em opera\u00e7\u00f5es societ\u00e1rias, estrutura\u00e7\u00e3o de financiamentos e suas respectivas garantias\" \/>\n<meta property=\"og:url\" content=\"https:\/\/wmt.com.br\/eng\/leonardo-portelada\/\" \/>\n<meta property=\"og:site_name\" content=\"WM&amp;T\" \/>\n<meta property=\"article:modified_time\" content=\"2022-08-30T19:33:33+00:00\" \/>\n<meta property=\"og:image\" content=\"https:\/\/wmt.com.br\/wp-content\/uploads\/2021\/05\/Leonardo_foto_pessoal.jpg\" \/>\n<meta name=\"twitter:card\" content=\"summary_large_image\" \/>\n<meta name=\"twitter:label1\" content=\"Est. reading time\" \/>\n\t<meta name=\"twitter:data1\" content=\"2 minutes\" \/>\n<script type=\"application\/ld+json\" class=\"yoast-schema-graph\">{\"@context\":\"https:\/\/schema.org\",\"@graph\":[{\"@type\":\"WebPage\",\"@id\":\"https:\/\/wmt.com.br\/leonardo-portelada\/\",\"url\":\"https:\/\/wmt.com.br\/leonardo-portelada\/\",\"name\":\"Leonardo Portelada - WM&amp;T\",\"isPartOf\":{\"@id\":\"https:\/\/wmt.com.br\/#website\"},\"primaryImageOfPage\":{\"@id\":\"https:\/\/wmt.com.br\/leonardo-portelada\/#primaryimage\"},\"image\":{\"@id\":\"https:\/\/wmt.com.br\/leonardo-portelada\/#primaryimage\"},\"thumbnailUrl\":\"https:\/\/wmt.com.br\/wp-content\/uploads\/2021\/05\/Leonardo_foto_pessoal.jpg\",\"datePublished\":\"2021-05-31T22:25:26+00:00\",\"dateModified\":\"2022-08-30T19:33:33+00:00\",\"description\":\"Leonardo Portelada tem atua\u00e7\u00e3o em opera\u00e7\u00f5es societ\u00e1rias, estrutura\u00e7\u00e3o de financiamentos e suas respectivas garantias\",\"inLanguage\":\"en-US\",\"potentialAction\":[{\"@type\":\"ReadAction\",\"target\":[\"https:\/\/wmt.com.br\/leonardo-portelada\/\"]}]},{\"@type\":\"ImageObject\",\"inLanguage\":\"en-US\",\"@id\":\"https:\/\/wmt.com.br\/leonardo-portelada\/#primaryimage\",\"url\":\"https:\/\/wmt.com.br\/wp-content\/uploads\/2021\/05\/Leonardo_foto_pessoal.jpg\",\"contentUrl\":\"https:\/\/wmt.com.br\/wp-content\/uploads\/2021\/05\/Leonardo_foto_pessoal.jpg\"},{\"@type\":\"WebSite\",\"@id\":\"https:\/\/wmt.com.br\/#website\",\"url\":\"https:\/\/wmt.com.br\/\",\"name\":\"WM&amp;T\",\"description\":\"\",\"publisher\":{\"@id\":\"https:\/\/wmt.com.br\/#organization\"},\"potentialAction\":[{\"@type\":\"SearchAction\",\"target\":{\"@type\":\"EntryPoint\",\"urlTemplate\":\"https:\/\/wmt.com.br\/?s={search_term_string}\"},\"query-input\":{\"@type\":\"PropertyValueSpecification\",\"valueRequired\":true,\"valueName\":\"search_term_string\"}}],\"inLanguage\":\"en-US\"},{\"@type\":\"Organization\",\"@id\":\"https:\/\/wmt.com.br\/#organization\",\"name\":\"WM&amp;T\",\"url\":\"https:\/\/wmt.com.br\/\",\"logo\":{\"@type\":\"ImageObject\",\"inLanguage\":\"en-US\",\"@id\":\"https:\/\/wmt.com.br\/#\/schema\/logo\/image\/\",\"url\":\"https:\/\/wmt.com.br\/wp-content\/uploads\/2021\/06\/cropped-favicon_wmt.png\",\"contentUrl\":\"https:\/\/wmt.com.br\/wp-content\/uploads\/2021\/06\/cropped-favicon_wmt.png\",\"width\":512,\"height\":512,\"caption\":\"WM&amp;T\"},\"image\":{\"@id\":\"https:\/\/wmt.com.br\/#\/schema\/logo\/image\/\"}}]}<\/script>\n<!-- \/ Yoast SEO plugin. -->","yoast_head_json":{"title":"Leonardo Portelada - WM&amp;T","description":"Leonardo Portelada tem atua\u00e7\u00e3o em opera\u00e7\u00f5es societ\u00e1rias, estrutura\u00e7\u00e3o de financiamentos e suas respectivas garantias","robots":{"index":"index","follow":"follow","max-snippet":"max-snippet:-1","max-image-preview":"max-image-preview:large","max-video-preview":"max-video-preview:-1"},"canonical":"https:\/\/wmt.com.br\/eng\/leonardo-portelada\/","og_locale":"en_US","og_type":"article","og_title":"Leonardo Portelada - WM&amp;T","og_description":"Leonardo Portelada tem atua\u00e7\u00e3o em opera\u00e7\u00f5es societ\u00e1rias, estrutura\u00e7\u00e3o de financiamentos e suas respectivas garantias","og_url":"https:\/\/wmt.com.br\/eng\/leonardo-portelada\/","og_site_name":"WM&amp;T","article_modified_time":"2022-08-30T19:33:33+00:00","og_image":[{"url":"https:\/\/wmt.com.br\/wp-content\/uploads\/2021\/05\/Leonardo_foto_pessoal.jpg","type":"","width":"","height":""}],"twitter_card":"summary_large_image","twitter_misc":{"Est. reading time":"2 minutes"},"schema":{"@context":"https:\/\/schema.org","@graph":[{"@type":"WebPage","@id":"https:\/\/wmt.com.br\/leonardo-portelada\/","url":"https:\/\/wmt.com.br\/leonardo-portelada\/","name":"Leonardo Portelada - WM&amp;T","isPartOf":{"@id":"https:\/\/wmt.com.br\/#website"},"primaryImageOfPage":{"@id":"https:\/\/wmt.com.br\/leonardo-portelada\/#primaryimage"},"image":{"@id":"https:\/\/wmt.com.br\/leonardo-portelada\/#primaryimage"},"thumbnailUrl":"https:\/\/wmt.com.br\/wp-content\/uploads\/2021\/05\/Leonardo_foto_pessoal.jpg","datePublished":"2021-05-31T22:25:26+00:00","dateModified":"2022-08-30T19:33:33+00:00","description":"Leonardo Portelada tem atua\u00e7\u00e3o em opera\u00e7\u00f5es societ\u00e1rias, estrutura\u00e7\u00e3o de financiamentos e suas respectivas garantias","inLanguage":"en-US","potentialAction":[{"@type":"ReadAction","target":["https:\/\/wmt.com.br\/leonardo-portelada\/"]}]},{"@type":"ImageObject","inLanguage":"en-US","@id":"https:\/\/wmt.com.br\/leonardo-portelada\/#primaryimage","url":"https:\/\/wmt.com.br\/wp-content\/uploads\/2021\/05\/Leonardo_foto_pessoal.jpg","contentUrl":"https:\/\/wmt.com.br\/wp-content\/uploads\/2021\/05\/Leonardo_foto_pessoal.jpg"},{"@type":"WebSite","@id":"https:\/\/wmt.com.br\/#website","url":"https:\/\/wmt.com.br\/","name":"WM&amp;T","description":"","publisher":{"@id":"https:\/\/wmt.com.br\/#organization"},"potentialAction":[{"@type":"SearchAction","target":{"@type":"EntryPoint","urlTemplate":"https:\/\/wmt.com.br\/?s={search_term_string}"},"query-input":{"@type":"PropertyValueSpecification","valueRequired":true,"valueName":"search_term_string"}}],"inLanguage":"en-US"},{"@type":"Organization","@id":"https:\/\/wmt.com.br\/#organization","name":"WM&amp;T","url":"https:\/\/wmt.com.br\/","logo":{"@type":"ImageObject","inLanguage":"en-US","@id":"https:\/\/wmt.com.br\/#\/schema\/logo\/image\/","url":"https:\/\/wmt.com.br\/wp-content\/uploads\/2021\/06\/cropped-favicon_wmt.png","contentUrl":"https:\/\/wmt.com.br\/wp-content\/uploads\/2021\/06\/cropped-favicon_wmt.png","width":512,"height":512,"caption":"WM&amp;T"},"image":{"@id":"https:\/\/wmt.com.br\/#\/schema\/logo\/image\/"}}]}},"_links":{"self":[{"href":"https:\/\/wmt.com.br\/eng\/wp-json\/wp\/v2\/pages\/868","targetHints":{"allow":["GET"]}}],"collection":[{"href":"https:\/\/wmt.com.br\/eng\/wp-json\/wp\/v2\/pages"}],"about":[{"href":"https:\/\/wmt.com.br\/eng\/wp-json\/wp\/v2\/types\/page"}],"author":[{"embeddable":true,"href":"https:\/\/wmt.com.br\/eng\/wp-json\/wp\/v2\/users\/1"}],"replies":[{"embeddable":true,"href":"https:\/\/wmt.com.br\/eng\/wp-json\/wp\/v2\/comments?post=868"}],"version-history":[{"count":18,"href":"https:\/\/wmt.com.br\/eng\/wp-json\/wp\/v2\/pages\/868\/revisions"}],"predecessor-version":[{"id":1258,"href":"https:\/\/wmt.com.br\/eng\/wp-json\/wp\/v2\/pages\/868\/revisions\/1258"}],"wp:attachment":[{"href":"https:\/\/wmt.com.br\/eng\/wp-json\/wp\/v2\/media?parent=868"}],"curies":[{"name":"wp","href":"https:\/\/api.w.org\/{rel}","templated":true}]}}