{"id":880,"date":"2021-05-31T19:27:31","date_gmt":"2021-05-31T22:27:31","guid":{"rendered":"http:\/\/wmt.com.br\/?page_id=880"},"modified":"2021-06-07T18:33:15","modified_gmt":"2021-06-07T21:33:15","slug":"luis-wielewicki","status":"publish","type":"page","link":"https:\/\/wmt.com.br\/eng\/luis-wielewicki\/","title":{"rendered":"Lu\u00eds Wielewicki"},"content":{"rendered":"<div data-elementor-type=\"wp-page\" data-elementor-id=\"880\" class=\"elementor elementor-880\" data-elementor-post-type=\"page\">\n\t\t\t\t\t\t<section class=\"elementor-section elementor-top-section elementor-element elementor-element-32209d6a elementor-section-boxed elementor-section-height-default elementor-section-height-default\" data-id=\"32209d6a\" data-element_type=\"section\">\n\t\t\t\t\t\t<div class=\"elementor-container elementor-column-gap-default\">\n\t\t\t\t\t<div class=\"elementor-column elementor-col-50 elementor-top-column elementor-element elementor-element-5652da47 elementor-invisible\" data-id=\"5652da47\" data-element_type=\"column\" data-settings=\"{&quot;animation&quot;:&quot;fadeIn&quot;}\">\n\t\t\t<div class=\"elementor-widget-wrap elementor-element-populated\">\n\t\t\t\t\t\t<div class=\"elementor-element elementor-element-161a5b7f elementor-widget elementor-widget-image\" data-id=\"161a5b7f\" data-element_type=\"widget\" data-widget_type=\"image.default\">\n\t\t\t\t<div class=\"elementor-widget-container\">\n\t\t\t\t\t\t\t\t\t\t\t\t\t<img fetchpriority=\"high\" decoding=\"async\" width=\"600\" height=\"720\" src=\"https:\/\/wmt.com.br\/wp-content\/uploads\/2021\/05\/Luis_foto_pessoal.jpg\" class=\"attachment-large size-large wp-image-882\" alt=\"\" srcset=\"https:\/\/wmt.com.br\/wp-content\/uploads\/2021\/05\/Luis_foto_pessoal.jpg 600w, https:\/\/wmt.com.br\/wp-content\/uploads\/2021\/05\/Luis_foto_pessoal-250x300.jpg 250w, https:\/\/wmt.com.br\/wp-content\/uploads\/2021\/05\/Luis_foto_pessoal-10x12.jpg 10w\" sizes=\"(max-width: 600px) 100vw, 600px\" \/>\t\t\t\t\t\t\t\t\t\t\t\t\t<\/div>\n\t\t\t\t<\/div>\n\t\t\t\t<div class=\"elementor-element elementor-element-4d6f6cea elementor-widget elementor-widget-text-editor\" data-id=\"4d6f6cea\" data-element_type=\"widget\" data-widget_type=\"text-editor.default\">\n\t\t\t\t<div class=\"elementor-widget-container\">\n\t\t\t\t\t\t\t<p>contact<\/p>\t\t\t\t\t\t<\/div>\n\t\t\t\t<\/div>\n\t\t\t\t<div class=\"elementor-element elementor-element-447f151a link elementor-widget elementor-widget-text-editor\" data-id=\"447f151a\" data-element_type=\"widget\" data-widget_type=\"text-editor.default\">\n\t\t\t\t<div class=\"elementor-widget-container\">\n\t\t\t\t\t\t\t<p><a href=\"mailto:wielewicki@wmt.com.br\">wielewicki@wmt.com.br<\/a><\/p>\t\t\t\t\t\t<\/div>\n\t\t\t\t<\/div>\n\t\t\t\t<div class=\"elementor-element elementor-element-65458f91 elementor-view-default elementor-widget elementor-widget-icon\" data-id=\"65458f91\" data-element_type=\"widget\" data-widget_type=\"icon.default\">\n\t\t\t\t<div class=\"elementor-widget-container\">\n\t\t\t\t\t<div class=\"elementor-icon-wrapper\">\n\t\t\t<a class=\"elementor-icon\" href=\"https:\/\/www.linkedin.com\/in\/luis-wielewicki-1550a523\" target=\"_blank\">\n\t\t\t<i aria-hidden=\"true\" class=\"icon icon-linkedin\"><\/i>\t\t\t<\/a>\n\t\t<\/div>\n\t\t\t\t<\/div>\n\t\t\t\t<\/div>\n\t\t\t\t\t<\/div>\n\t\t<\/div>\n\t\t\t\t<div class=\"elementor-column elementor-col-50 elementor-top-column elementor-element elementor-element-1e94dbe4 elementor-invisible\" data-id=\"1e94dbe4\" data-element_type=\"column\" data-settings=\"{&quot;animation&quot;:&quot;fadeIn&quot;,&quot;animation_delay&quot;:200}\">\n\t\t\t<div class=\"elementor-widget-wrap elementor-element-populated\">\n\t\t\t\t\t\t<div class=\"elementor-element elementor-element-5270e102 elementor-widget elementor-widget-text-editor\" data-id=\"5270e102\" data-element_type=\"widget\" data-widget_type=\"text-editor.default\">\n\t\t\t\t<div class=\"elementor-widget-container\">\n\t\t\t\t\t\t\t<p>lu\u00eds wielewicki<\/p>\t\t\t\t\t\t<\/div>\n\t\t\t\t<\/div>\n\t\t\t\t<div class=\"elementor-element elementor-element-6b4a443f elementor-widget elementor-widget-text-editor\" data-id=\"6b4a443f\" data-element_type=\"widget\" data-widget_type=\"text-editor.default\">\n\t\t\t\t<div class=\"elementor-widget-container\">\n\t\t\t\t\t\t\t<p>partner<\/p>\t\t\t\t\t\t<\/div>\n\t\t\t\t<\/div>\n\t\t\t\t<div class=\"elementor-element elementor-element-522dde6a elementor-widget elementor-widget-text-editor\" data-id=\"522dde6a\" data-element_type=\"widget\" data-widget_type=\"text-editor.default\">\n\t\t\t\t<div class=\"elementor-widget-container\">\n\t\t\t\t\t\t\t<p class=\"translation-block\">With more than twenty years of experience as a Brazilian lawyer, Lu\u00eds Wielewicki\u2019s practice is specialized in anticorruption, more specifically in corporate investigations, negotiation of resolution of corporate cases and compliance matters.  His background is also based in corporate, financings and capital markets. Hence, its practice is focused on cases that involve Brazilian and foreign corporations with compliance-related issues.<\/p><p class=\"translation-block\">Lu\u00eds Wielewicki coordinated some of the most relevant corporate investigations of publicly traded Brazilian companies. Its practice also included advising a Brazilian multinational in the first successful conclusion of a monitorship imposed by the U.S. Department of Justice (DoJ), the U.S. Securities and Exchange Commission (SEC) and the Brazilian Federal Prosecutors Office (<em>MPF<\/em>).  He has also negotiated important precedents, such as, the first global settlement among Brazilian and U.S. authorities (DoJ, SEC and <em>MPF<\/em>), the first global settlement simultaneously entered with the <em>MPF<\/em>, DoJ, SEC and the Brazilian General Attorney\u2019s Office (<em>AGU<\/em>) and General Comptrollers Office (<em>CGU<\/em>) and the largest leniency agreement entered as of today by <em>CGU<\/em> and <em>AGU<\/em>.  He represents various multinationals in the negotiation with Brazilian and foreign authorities in coordination with foreign law firms.  He has extensive experience dealing with <em>AGU, CGU, MPF<\/em>, Brazilian State Prosecutors, the Brazilian Securities and Exchange Commission (<em>CVM<\/em>) and the Brazilian Central Bank (<em>BACEN<\/em>).  Lu\u00eds Wielewicki has also worked in important project finance, corporate finance and M&amp;A transactions, mainly from the infrastructure sector.<\/p><p>Lu\u00eds Wielewicki has held prior partner position at Motta, Fernandes Rocha and Sampaio Ferraz, where he was the chairperson of the anticorruption practice.  He has also worked at Chadbourne &amp; Parke in New York.<\/p><p class=\"translation-block\">Lu\u00eds Wielewicki\u2019s practice has been recognized by well-known publications in the last years, such as Chambers and Partners, Who is Who Legal, Legal 500 and the Brazilian <em>Advogados Mais Admirados do Brasil<\/em>.<\/p><p class=\"translation-block\">Lu\u00eds Wielewicki has an LL.M degree from Columbia University and a doctorate from the University of S\u00e3o Paulo.  He graduated cum laude by the State University of Londrina.<\/p>\t\t\t\t\t\t<\/div>\n\t\t\t\t<\/div>\n\t\t\t\t\t<\/div>\n\t\t<\/div>\n\t\t\t\t\t<\/div>\n\t\t<\/section>\n\t\t\t\t<\/div>","protected":false},"excerpt":{"rendered":"<p>contato wielewicki@wmt.com.br lu\u00eds wielewicki s\u00f3cio Com mais de vinte anos de experi\u00eancia como advogado, Lu\u00eds Wielewicki atua na \u00e1rea de anticorrup\u00e7\u00e3o, concentrando-se em investiga\u00e7\u00f5es corporativas, negocia\u00e7\u00f5es de acordos de leni\u00eancia e conformidade (compliance). Sua forma\u00e7\u00e3o profissional concentrou-se nas \u00e1reas societ\u00e1ria, opera\u00e7\u00f5es financeiras e de mercado de capitais. Da\u00ed a intersec\u00e7\u00e3o na atua\u00e7\u00e3o em casos que [&hellip;]<\/p>","protected":false},"author":1,"featured_media":0,"parent":0,"menu_order":0,"comment_status":"closed","ping_status":"closed","template":"","meta":{"footnotes":""},"class_list":["post-880","page","type-page","status-publish","hentry"],"yoast_head":"<!-- This site is optimized with the Yoast SEO plugin v26.9 - https:\/\/yoast.com\/product\/yoast-seo-wordpress\/ -->\n<title>Lu\u00eds Wielewicki - WM&amp;T<\/title>\n<meta name=\"description\" content=\"Com mais de vinte anos de experi\u00eancia como advogado, Lu\u00eds Wielewicki atua na \u00e1rea de anticorrup\u00e7\u00e3o, concentrando-se em investiga\u00e7\u00f5es\" \/>\n<meta name=\"robots\" content=\"index, follow, max-snippet:-1, max-image-preview:large, max-video-preview:-1\" \/>\n<link rel=\"canonical\" href=\"https:\/\/wmt.com.br\/eng\/luis-wielewicki\/\" \/>\n<meta property=\"og:locale\" content=\"en_US\" \/>\n<meta property=\"og:type\" content=\"article\" \/>\n<meta property=\"og:title\" content=\"Lu\u00eds Wielewicki - WM&amp;T\" \/>\n<meta property=\"og:description\" content=\"Com mais de vinte anos de experi\u00eancia como advogado, Lu\u00eds Wielewicki atua na \u00e1rea de anticorrup\u00e7\u00e3o, concentrando-se em investiga\u00e7\u00f5es\" \/>\n<meta property=\"og:url\" content=\"https:\/\/wmt.com.br\/eng\/luis-wielewicki\/\" \/>\n<meta property=\"og:site_name\" content=\"WM&amp;T\" \/>\n<meta property=\"article:modified_time\" content=\"2021-06-07T21:33:15+00:00\" \/>\n<meta property=\"og:image\" content=\"http:\/\/wmt.com.br\/wp-content\/uploads\/2021\/05\/Luis_foto_pessoal.jpg\" \/>\n<meta name=\"twitter:card\" content=\"summary_large_image\" \/>\n<meta name=\"twitter:label1\" content=\"Est. reading time\" \/>\n\t<meta name=\"twitter:data1\" content=\"2 minutes\" \/>\n<script type=\"application\/ld+json\" class=\"yoast-schema-graph\">{\"@context\":\"https:\/\/schema.org\",\"@graph\":[{\"@type\":\"WebPage\",\"@id\":\"https:\/\/wmt.com.br\/luis-wielewicki\/\",\"url\":\"https:\/\/wmt.com.br\/luis-wielewicki\/\",\"name\":\"Lu\u00eds Wielewicki - WM&amp;T\",\"isPartOf\":{\"@id\":\"https:\/\/wmt.com.br\/#website\"},\"primaryImageOfPage\":{\"@id\":\"https:\/\/wmt.com.br\/luis-wielewicki\/#primaryimage\"},\"image\":{\"@id\":\"https:\/\/wmt.com.br\/luis-wielewicki\/#primaryimage\"},\"thumbnailUrl\":\"http:\/\/wmt.com.br\/wp-content\/uploads\/2021\/05\/Luis_foto_pessoal.jpg\",\"datePublished\":\"2021-05-31T22:27:31+00:00\",\"dateModified\":\"2021-06-07T21:33:15+00:00\",\"description\":\"Com mais de vinte anos de experi\u00eancia como advogado, Lu\u00eds Wielewicki atua na \u00e1rea de anticorrup\u00e7\u00e3o, concentrando-se em investiga\u00e7\u00f5es\",\"inLanguage\":\"en-US\",\"potentialAction\":[{\"@type\":\"ReadAction\",\"target\":[\"https:\/\/wmt.com.br\/luis-wielewicki\/\"]}]},{\"@type\":\"ImageObject\",\"inLanguage\":\"en-US\",\"@id\":\"https:\/\/wmt.com.br\/luis-wielewicki\/#primaryimage\",\"url\":\"http:\/\/wmt.com.br\/wp-content\/uploads\/2021\/05\/Luis_foto_pessoal.jpg\",\"contentUrl\":\"http:\/\/wmt.com.br\/wp-content\/uploads\/2021\/05\/Luis_foto_pessoal.jpg\"},{\"@type\":\"WebSite\",\"@id\":\"https:\/\/wmt.com.br\/#website\",\"url\":\"https:\/\/wmt.com.br\/\",\"name\":\"WM&amp;T\",\"description\":\"\",\"publisher\":{\"@id\":\"https:\/\/wmt.com.br\/#organization\"},\"potentialAction\":[{\"@type\":\"SearchAction\",\"target\":{\"@type\":\"EntryPoint\",\"urlTemplate\":\"https:\/\/wmt.com.br\/?s={search_term_string}\"},\"query-input\":{\"@type\":\"PropertyValueSpecification\",\"valueRequired\":true,\"valueName\":\"search_term_string\"}}],\"inLanguage\":\"en-US\"},{\"@type\":\"Organization\",\"@id\":\"https:\/\/wmt.com.br\/#organization\",\"name\":\"WM&amp;T\",\"url\":\"https:\/\/wmt.com.br\/\",\"logo\":{\"@type\":\"ImageObject\",\"inLanguage\":\"en-US\",\"@id\":\"https:\/\/wmt.com.br\/#\/schema\/logo\/image\/\",\"url\":\"https:\/\/wmt.com.br\/wp-content\/uploads\/2021\/06\/cropped-favicon_wmt.png\",\"contentUrl\":\"https:\/\/wmt.com.br\/wp-content\/uploads\/2021\/06\/cropped-favicon_wmt.png\",\"width\":512,\"height\":512,\"caption\":\"WM&amp;T\"},\"image\":{\"@id\":\"https:\/\/wmt.com.br\/#\/schema\/logo\/image\/\"}}]}<\/script>\n<!-- \/ Yoast SEO plugin. -->","yoast_head_json":{"title":"Lu\u00eds Wielewicki - WM&amp;T","description":"Com mais de vinte anos de experi\u00eancia como advogado, Lu\u00eds Wielewicki atua na \u00e1rea de anticorrup\u00e7\u00e3o, concentrando-se em investiga\u00e7\u00f5es","robots":{"index":"index","follow":"follow","max-snippet":"max-snippet:-1","max-image-preview":"max-image-preview:large","max-video-preview":"max-video-preview:-1"},"canonical":"https:\/\/wmt.com.br\/eng\/luis-wielewicki\/","og_locale":"en_US","og_type":"article","og_title":"Lu\u00eds Wielewicki - WM&amp;T","og_description":"Com mais de vinte anos de experi\u00eancia como advogado, Lu\u00eds Wielewicki atua na \u00e1rea de anticorrup\u00e7\u00e3o, concentrando-se em investiga\u00e7\u00f5es","og_url":"https:\/\/wmt.com.br\/eng\/luis-wielewicki\/","og_site_name":"WM&amp;T","article_modified_time":"2021-06-07T21:33:15+00:00","og_image":[{"url":"http:\/\/wmt.com.br\/wp-content\/uploads\/2021\/05\/Luis_foto_pessoal.jpg","type":"","width":"","height":""}],"twitter_card":"summary_large_image","twitter_misc":{"Est. reading time":"2 minutes"},"schema":{"@context":"https:\/\/schema.org","@graph":[{"@type":"WebPage","@id":"https:\/\/wmt.com.br\/luis-wielewicki\/","url":"https:\/\/wmt.com.br\/luis-wielewicki\/","name":"Lu\u00eds Wielewicki - WM&amp;T","isPartOf":{"@id":"https:\/\/wmt.com.br\/#website"},"primaryImageOfPage":{"@id":"https:\/\/wmt.com.br\/luis-wielewicki\/#primaryimage"},"image":{"@id":"https:\/\/wmt.com.br\/luis-wielewicki\/#primaryimage"},"thumbnailUrl":"http:\/\/wmt.com.br\/wp-content\/uploads\/2021\/05\/Luis_foto_pessoal.jpg","datePublished":"2021-05-31T22:27:31+00:00","dateModified":"2021-06-07T21:33:15+00:00","description":"Com mais de vinte anos de experi\u00eancia como advogado, Lu\u00eds Wielewicki atua na \u00e1rea de anticorrup\u00e7\u00e3o, concentrando-se em investiga\u00e7\u00f5es","inLanguage":"en-US","potentialAction":[{"@type":"ReadAction","target":["https:\/\/wmt.com.br\/luis-wielewicki\/"]}]},{"@type":"ImageObject","inLanguage":"en-US","@id":"https:\/\/wmt.com.br\/luis-wielewicki\/#primaryimage","url":"http:\/\/wmt.com.br\/wp-content\/uploads\/2021\/05\/Luis_foto_pessoal.jpg","contentUrl":"http:\/\/wmt.com.br\/wp-content\/uploads\/2021\/05\/Luis_foto_pessoal.jpg"},{"@type":"WebSite","@id":"https:\/\/wmt.com.br\/#website","url":"https:\/\/wmt.com.br\/","name":"WM&amp;T","description":"","publisher":{"@id":"https:\/\/wmt.com.br\/#organization"},"potentialAction":[{"@type":"SearchAction","target":{"@type":"EntryPoint","urlTemplate":"https:\/\/wmt.com.br\/?s={search_term_string}"},"query-input":{"@type":"PropertyValueSpecification","valueRequired":true,"valueName":"search_term_string"}}],"inLanguage":"en-US"},{"@type":"Organization","@id":"https:\/\/wmt.com.br\/#organization","name":"WM&amp;T","url":"https:\/\/wmt.com.br\/","logo":{"@type":"ImageObject","inLanguage":"en-US","@id":"https:\/\/wmt.com.br\/#\/schema\/logo\/image\/","url":"https:\/\/wmt.com.br\/wp-content\/uploads\/2021\/06\/cropped-favicon_wmt.png","contentUrl":"https:\/\/wmt.com.br\/wp-content\/uploads\/2021\/06\/cropped-favicon_wmt.png","width":512,"height":512,"caption":"WM&amp;T"},"image":{"@id":"https:\/\/wmt.com.br\/#\/schema\/logo\/image\/"}}]}},"_links":{"self":[{"href":"https:\/\/wmt.com.br\/eng\/wp-json\/wp\/v2\/pages\/880","targetHints":{"allow":["GET"]}}],"collection":[{"href":"https:\/\/wmt.com.br\/eng\/wp-json\/wp\/v2\/pages"}],"about":[{"href":"https:\/\/wmt.com.br\/eng\/wp-json\/wp\/v2\/types\/page"}],"author":[{"embeddable":true,"href":"https:\/\/wmt.com.br\/eng\/wp-json\/wp\/v2\/users\/1"}],"replies":[{"embeddable":true,"href":"https:\/\/wmt.com.br\/eng\/wp-json\/wp\/v2\/comments?post=880"}],"version-history":[{"count":8,"href":"https:\/\/wmt.com.br\/eng\/wp-json\/wp\/v2\/pages\/880\/revisions"}],"predecessor-version":[{"id":1198,"href":"https:\/\/wmt.com.br\/eng\/wp-json\/wp\/v2\/pages\/880\/revisions\/1198"}],"wp:attachment":[{"href":"https:\/\/wmt.com.br\/eng\/wp-json\/wp\/v2\/media?parent=880"}],"curies":[{"name":"wp","href":"https:\/\/api.w.org\/{rel}","templated":true}]}}