{"id":886,"date":"2021-05-31T19:32:11","date_gmt":"2021-05-31T22:32:11","guid":{"rendered":"http:\/\/wmt.com.br\/?page_id=886"},"modified":"2021-06-07T18:32:42","modified_gmt":"2021-06-07T21:32:42","slug":"marina-regalino","status":"publish","type":"page","link":"https:\/\/wmt.com.br\/eng\/marina-regalino\/","title":{"rendered":"Marina Regalino"},"content":{"rendered":"<div data-elementor-type=\"wp-page\" data-elementor-id=\"886\" class=\"elementor elementor-886\" data-elementor-post-type=\"page\">\n\t\t\t\t\t\t<section class=\"elementor-section elementor-top-section elementor-element elementor-element-32209d6a elementor-section-boxed elementor-section-height-default elementor-section-height-default\" data-id=\"32209d6a\" data-element_type=\"section\">\n\t\t\t\t\t\t<div class=\"elementor-container elementor-column-gap-default\">\n\t\t\t\t\t<div class=\"elementor-column elementor-col-50 elementor-top-column elementor-element elementor-element-5652da47 elementor-invisible\" data-id=\"5652da47\" data-element_type=\"column\" data-settings=\"{&quot;animation&quot;:&quot;fadeIn&quot;}\">\n\t\t\t<div class=\"elementor-widget-wrap elementor-element-populated\">\n\t\t\t\t\t\t<div class=\"elementor-element elementor-element-161a5b7f elementor-widget elementor-widget-image\" data-id=\"161a5b7f\" data-element_type=\"widget\" data-widget_type=\"image.default\">\n\t\t\t\t<div class=\"elementor-widget-container\">\n\t\t\t\t\t\t\t\t\t\t\t\t\t<img fetchpriority=\"high\" decoding=\"async\" width=\"600\" height=\"720\" src=\"https:\/\/wmt.com.br\/wp-content\/uploads\/2021\/05\/Marina_foto_pessoal.jpg\" class=\"attachment-large size-large wp-image-888\" alt=\"\" srcset=\"https:\/\/wmt.com.br\/wp-content\/uploads\/2021\/05\/Marina_foto_pessoal.jpg 600w, https:\/\/wmt.com.br\/wp-content\/uploads\/2021\/05\/Marina_foto_pessoal-250x300.jpg 250w, https:\/\/wmt.com.br\/wp-content\/uploads\/2021\/05\/Marina_foto_pessoal-10x12.jpg 10w\" sizes=\"(max-width: 600px) 100vw, 600px\" \/>\t\t\t\t\t\t\t\t\t\t\t\t\t<\/div>\n\t\t\t\t<\/div>\n\t\t\t\t<div class=\"elementor-element elementor-element-4d6f6cea elementor-widget elementor-widget-text-editor\" data-id=\"4d6f6cea\" data-element_type=\"widget\" data-widget_type=\"text-editor.default\">\n\t\t\t\t<div class=\"elementor-widget-container\">\n\t\t\t\t\t\t\t<p>contact<\/p>\t\t\t\t\t\t<\/div>\n\t\t\t\t<\/div>\n\t\t\t\t<div class=\"elementor-element elementor-element-447f151a link elementor-widget elementor-widget-text-editor\" data-id=\"447f151a\" data-element_type=\"widget\" data-widget_type=\"text-editor.default\">\n\t\t\t\t<div class=\"elementor-widget-container\">\n\t\t\t\t\t\t\t<p><a href=\"mailto:marina@wmt.com.br\">marina@wmt.com.br<\/a><\/p>\t\t\t\t\t\t<\/div>\n\t\t\t\t<\/div>\n\t\t\t\t<div class=\"elementor-element elementor-element-65458f91 elementor-view-default elementor-widget elementor-widget-icon\" data-id=\"65458f91\" data-element_type=\"widget\" data-widget_type=\"icon.default\">\n\t\t\t\t<div class=\"elementor-widget-container\">\n\t\t\t\t\t<div class=\"elementor-icon-wrapper\">\n\t\t\t<a class=\"elementor-icon\" href=\"https:\/\/www.linkedin.com\/in\/marina-regalino-24506576\/\" target=\"_blank\">\n\t\t\t<i aria-hidden=\"true\" class=\"icon icon-linkedin\"><\/i>\t\t\t<\/a>\n\t\t<\/div>\n\t\t\t\t<\/div>\n\t\t\t\t<\/div>\n\t\t\t\t\t<\/div>\n\t\t<\/div>\n\t\t\t\t<div class=\"elementor-column elementor-col-50 elementor-top-column elementor-element elementor-element-1e94dbe4 elementor-invisible\" data-id=\"1e94dbe4\" data-element_type=\"column\" data-settings=\"{&quot;animation&quot;:&quot;fadeIn&quot;,&quot;animation_delay&quot;:200}\">\n\t\t\t<div class=\"elementor-widget-wrap elementor-element-populated\">\n\t\t\t\t\t\t<div class=\"elementor-element elementor-element-5270e102 elementor-widget elementor-widget-text-editor\" data-id=\"5270e102\" data-element_type=\"widget\" data-widget_type=\"text-editor.default\">\n\t\t\t\t<div class=\"elementor-widget-container\">\n\t\t\t\t\t\t\t<p>marina regalino<\/p>\t\t\t\t\t\t<\/div>\n\t\t\t\t<\/div>\n\t\t\t\t<div class=\"elementor-element elementor-element-6b4a443f elementor-widget elementor-widget-text-editor\" data-id=\"6b4a443f\" data-element_type=\"widget\" data-widget_type=\"text-editor.default\">\n\t\t\t\t<div class=\"elementor-widget-container\">\n\t\t\t\t\t\t\t<p>associate<\/p>\t\t\t\t\t\t<\/div>\n\t\t\t\t<\/div>\n\t\t\t\t<div class=\"elementor-element elementor-element-522dde6a elementor-widget elementor-widget-text-editor\" data-id=\"522dde6a\" data-element_type=\"widget\" data-widget_type=\"text-editor.default\">\n\t\t\t\t<div class=\"elementor-widget-container\">\n\t\t\t\t\t\t\t<p class=\"translation-block\">With relevant experience in several important cases, Marina Regalino\u2019s practice is specialized in anti-corruption, focusing on corporate investigations, negotiation of resolution of corporate cases and compliance matters and compliance programs.<\/p><p>Marina Regalino participated in some of the most relevant Brazilian corporate investigations, including of publicly held state-owned companies. She also assisted in the design and presentation of compliance trainings for companies\u2019 bord of directors, participated in the monitoring of the implementation of compliance programs imposed by leniency agreements with the Brazilian authorities, in addition to evaluating and suggesting improvements in companies' compliance programs. She also participated in negotiations for the inclusion of Brazilian authorities in leniency agreements and provided legal advice to companies on compliance issues.<\/p><p>Marina Regalino was an associate at Trench Rossi Watanabe, in cooperation with Baker Mackenzie, where she worked on investigations of large state-owned and private companies. She was also an associate at Sampaio Ferraz, where in addition to participating and coordinating corporate investigations, she also assisted in leniency agreements, trainings and compliance matters.<\/p><p>Marina Regalino graduated from the Pontifical Catholic University of S\u00e3o Paulo, with an academic exchange at the Institut d'\u00c9tudes Politiques de Paris - SciencesPo Paris, where she attended classes of the Master of Economic Law program. He obtained a Postgraduate Degree in Compliance at Funda\u00e7\u00e3o Get\u00falio Vargas (FGVLaw) and is taking a Postgraduate course in Corporate Finance and Investment Banking at Funda\u00e7\u00e3o Instituto de Administra\u00e7\u00e3o (FIA).\u00a0<\/p>\t\t\t\t\t\t<\/div>\n\t\t\t\t<\/div>\n\t\t\t\t\t<\/div>\n\t\t<\/div>\n\t\t\t\t\t<\/div>\n\t\t<\/section>\n\t\t\t\t<\/div>","protected":false},"excerpt":{"rendered":"<p>contato marina@wmt.com.br marina regalino associada Com relevante experi\u00eancia em diversos casos importantes, Marina Regalino atua na \u00e1rea de anticorrup\u00e7\u00e3o, concentrando-se em investiga\u00e7\u00f5es corporativas, negocia\u00e7\u00f5es de acordos de leni\u00eancia e conformidade e programas de conformidade (compliance). Marina Regalino participou de algumas das mais relevantes investiga\u00e7\u00f5es corporativas de companhias brasileiras, incluindo empresas estatais. Tamb\u00e9m auxiliou na elabora\u00e7\u00e3o [&hellip;]<\/p>","protected":false},"author":1,"featured_media":0,"parent":0,"menu_order":0,"comment_status":"closed","ping_status":"closed","template":"","meta":{"footnotes":""},"class_list":["post-886","page","type-page","status-publish","hentry"],"yoast_head":"<!-- This site is optimized with the Yoast SEO plugin v26.9 - https:\/\/yoast.com\/product\/yoast-seo-wordpress\/ -->\n<title>Marina Regalino - WM&amp;T<\/title>\n<meta name=\"description\" content=\"Com relevante experi\u00eancia em diversos casos importantes, Marina Regalino atua na \u00e1rea de anticorrup\u00e7\u00e3o, concentrando-se em investiga\u00e7\u00f5es\" \/>\n<meta name=\"robots\" content=\"index, follow, max-snippet:-1, max-image-preview:large, max-video-preview:-1\" \/>\n<link rel=\"canonical\" href=\"https:\/\/wmt.com.br\/eng\/marina-regalino\/\" \/>\n<meta property=\"og:locale\" content=\"en_US\" \/>\n<meta property=\"og:type\" content=\"article\" \/>\n<meta property=\"og:title\" content=\"Marina Regalino - WM&amp;T\" \/>\n<meta property=\"og:description\" content=\"Com relevante experi\u00eancia em diversos casos importantes, Marina Regalino atua na \u00e1rea de anticorrup\u00e7\u00e3o, concentrando-se em investiga\u00e7\u00f5es\" \/>\n<meta property=\"og:url\" content=\"https:\/\/wmt.com.br\/eng\/marina-regalino\/\" \/>\n<meta property=\"og:site_name\" content=\"WM&amp;T\" \/>\n<meta property=\"article:modified_time\" content=\"2021-06-07T21:32:42+00:00\" \/>\n<meta property=\"og:image\" content=\"http:\/\/wmt.com.br\/wp-content\/uploads\/2021\/05\/Marina_foto_pessoal.jpg\" \/>\n<meta name=\"twitter:card\" content=\"summary_large_image\" \/>\n<meta name=\"twitter:label1\" content=\"Est. reading time\" \/>\n\t<meta name=\"twitter:data1\" content=\"2 minutes\" \/>\n<script type=\"application\/ld+json\" class=\"yoast-schema-graph\">{\"@context\":\"https:\/\/schema.org\",\"@graph\":[{\"@type\":\"WebPage\",\"@id\":\"https:\/\/wmt.com.br\/marina-regalino\/\",\"url\":\"https:\/\/wmt.com.br\/marina-regalino\/\",\"name\":\"Marina Regalino - WM&amp;T\",\"isPartOf\":{\"@id\":\"https:\/\/wmt.com.br\/#website\"},\"primaryImageOfPage\":{\"@id\":\"https:\/\/wmt.com.br\/marina-regalino\/#primaryimage\"},\"image\":{\"@id\":\"https:\/\/wmt.com.br\/marina-regalino\/#primaryimage\"},\"thumbnailUrl\":\"http:\/\/wmt.com.br\/wp-content\/uploads\/2021\/05\/Marina_foto_pessoal.jpg\",\"datePublished\":\"2021-05-31T22:32:11+00:00\",\"dateModified\":\"2021-06-07T21:32:42+00:00\",\"description\":\"Com relevante experi\u00eancia em diversos casos importantes, Marina Regalino atua na \u00e1rea de anticorrup\u00e7\u00e3o, concentrando-se em investiga\u00e7\u00f5es\",\"inLanguage\":\"en-US\",\"potentialAction\":[{\"@type\":\"ReadAction\",\"target\":[\"https:\/\/wmt.com.br\/marina-regalino\/\"]}]},{\"@type\":\"ImageObject\",\"inLanguage\":\"en-US\",\"@id\":\"https:\/\/wmt.com.br\/marina-regalino\/#primaryimage\",\"url\":\"http:\/\/wmt.com.br\/wp-content\/uploads\/2021\/05\/Marina_foto_pessoal.jpg\",\"contentUrl\":\"http:\/\/wmt.com.br\/wp-content\/uploads\/2021\/05\/Marina_foto_pessoal.jpg\"},{\"@type\":\"WebSite\",\"@id\":\"https:\/\/wmt.com.br\/#website\",\"url\":\"https:\/\/wmt.com.br\/\",\"name\":\"WM&amp;T\",\"description\":\"\",\"publisher\":{\"@id\":\"https:\/\/wmt.com.br\/#organization\"},\"potentialAction\":[{\"@type\":\"SearchAction\",\"target\":{\"@type\":\"EntryPoint\",\"urlTemplate\":\"https:\/\/wmt.com.br\/?s={search_term_string}\"},\"query-input\":{\"@type\":\"PropertyValueSpecification\",\"valueRequired\":true,\"valueName\":\"search_term_string\"}}],\"inLanguage\":\"en-US\"},{\"@type\":\"Organization\",\"@id\":\"https:\/\/wmt.com.br\/#organization\",\"name\":\"WM&amp;T\",\"url\":\"https:\/\/wmt.com.br\/\",\"logo\":{\"@type\":\"ImageObject\",\"inLanguage\":\"en-US\",\"@id\":\"https:\/\/wmt.com.br\/#\/schema\/logo\/image\/\",\"url\":\"https:\/\/wmt.com.br\/wp-content\/uploads\/2021\/06\/cropped-favicon_wmt.png\",\"contentUrl\":\"https:\/\/wmt.com.br\/wp-content\/uploads\/2021\/06\/cropped-favicon_wmt.png\",\"width\":512,\"height\":512,\"caption\":\"WM&amp;T\"},\"image\":{\"@id\":\"https:\/\/wmt.com.br\/#\/schema\/logo\/image\/\"}}]}<\/script>\n<!-- \/ Yoast SEO plugin. -->","yoast_head_json":{"title":"Marina Regalino - WM&amp;T","description":"Com relevante experi\u00eancia em diversos casos importantes, Marina Regalino atua na \u00e1rea de anticorrup\u00e7\u00e3o, concentrando-se em investiga\u00e7\u00f5es","robots":{"index":"index","follow":"follow","max-snippet":"max-snippet:-1","max-image-preview":"max-image-preview:large","max-video-preview":"max-video-preview:-1"},"canonical":"https:\/\/wmt.com.br\/eng\/marina-regalino\/","og_locale":"en_US","og_type":"article","og_title":"Marina Regalino - WM&amp;T","og_description":"Com relevante experi\u00eancia em diversos casos importantes, Marina Regalino atua na \u00e1rea de anticorrup\u00e7\u00e3o, concentrando-se em investiga\u00e7\u00f5es","og_url":"https:\/\/wmt.com.br\/eng\/marina-regalino\/","og_site_name":"WM&amp;T","article_modified_time":"2021-06-07T21:32:42+00:00","og_image":[{"url":"http:\/\/wmt.com.br\/wp-content\/uploads\/2021\/05\/Marina_foto_pessoal.jpg","type":"","width":"","height":""}],"twitter_card":"summary_large_image","twitter_misc":{"Est. reading time":"2 minutes"},"schema":{"@context":"https:\/\/schema.org","@graph":[{"@type":"WebPage","@id":"https:\/\/wmt.com.br\/marina-regalino\/","url":"https:\/\/wmt.com.br\/marina-regalino\/","name":"Marina Regalino - WM&amp;T","isPartOf":{"@id":"https:\/\/wmt.com.br\/#website"},"primaryImageOfPage":{"@id":"https:\/\/wmt.com.br\/marina-regalino\/#primaryimage"},"image":{"@id":"https:\/\/wmt.com.br\/marina-regalino\/#primaryimage"},"thumbnailUrl":"http:\/\/wmt.com.br\/wp-content\/uploads\/2021\/05\/Marina_foto_pessoal.jpg","datePublished":"2021-05-31T22:32:11+00:00","dateModified":"2021-06-07T21:32:42+00:00","description":"Com relevante experi\u00eancia em diversos casos importantes, Marina Regalino atua na \u00e1rea de anticorrup\u00e7\u00e3o, concentrando-se em investiga\u00e7\u00f5es","inLanguage":"en-US","potentialAction":[{"@type":"ReadAction","target":["https:\/\/wmt.com.br\/marina-regalino\/"]}]},{"@type":"ImageObject","inLanguage":"en-US","@id":"https:\/\/wmt.com.br\/marina-regalino\/#primaryimage","url":"http:\/\/wmt.com.br\/wp-content\/uploads\/2021\/05\/Marina_foto_pessoal.jpg","contentUrl":"http:\/\/wmt.com.br\/wp-content\/uploads\/2021\/05\/Marina_foto_pessoal.jpg"},{"@type":"WebSite","@id":"https:\/\/wmt.com.br\/#website","url":"https:\/\/wmt.com.br\/","name":"WM&amp;T","description":"","publisher":{"@id":"https:\/\/wmt.com.br\/#organization"},"potentialAction":[{"@type":"SearchAction","target":{"@type":"EntryPoint","urlTemplate":"https:\/\/wmt.com.br\/?s={search_term_string}"},"query-input":{"@type":"PropertyValueSpecification","valueRequired":true,"valueName":"search_term_string"}}],"inLanguage":"en-US"},{"@type":"Organization","@id":"https:\/\/wmt.com.br\/#organization","name":"WM&amp;T","url":"https:\/\/wmt.com.br\/","logo":{"@type":"ImageObject","inLanguage":"en-US","@id":"https:\/\/wmt.com.br\/#\/schema\/logo\/image\/","url":"https:\/\/wmt.com.br\/wp-content\/uploads\/2021\/06\/cropped-favicon_wmt.png","contentUrl":"https:\/\/wmt.com.br\/wp-content\/uploads\/2021\/06\/cropped-favicon_wmt.png","width":512,"height":512,"caption":"WM&amp;T"},"image":{"@id":"https:\/\/wmt.com.br\/#\/schema\/logo\/image\/"}}]}},"_links":{"self":[{"href":"https:\/\/wmt.com.br\/eng\/wp-json\/wp\/v2\/pages\/886","targetHints":{"allow":["GET"]}}],"collection":[{"href":"https:\/\/wmt.com.br\/eng\/wp-json\/wp\/v2\/pages"}],"about":[{"href":"https:\/\/wmt.com.br\/eng\/wp-json\/wp\/v2\/types\/page"}],"author":[{"embeddable":true,"href":"https:\/\/wmt.com.br\/eng\/wp-json\/wp\/v2\/users\/1"}],"replies":[{"embeddable":true,"href":"https:\/\/wmt.com.br\/eng\/wp-json\/wp\/v2\/comments?post=886"}],"version-history":[{"count":8,"href":"https:\/\/wmt.com.br\/eng\/wp-json\/wp\/v2\/pages\/886\/revisions"}],"predecessor-version":[{"id":1197,"href":"https:\/\/wmt.com.br\/eng\/wp-json\/wp\/v2\/pages\/886\/revisions\/1197"}],"wp:attachment":[{"href":"https:\/\/wmt.com.br\/eng\/wp-json\/wp\/v2\/media?parent=886"}],"curies":[{"name":"wp","href":"https:\/\/api.w.org\/{rel}","templated":true}]}}