{"id":892,"date":"2021-05-31T19:35:01","date_gmt":"2021-05-31T22:35:01","guid":{"rendered":"http:\/\/wmt.com.br\/?page_id=892"},"modified":"2021-06-08T11:21:31","modified_gmt":"2021-06-08T14:21:31","slug":"rodrigo-maia","status":"publish","type":"page","link":"https:\/\/wmt.com.br\/eng\/rodrigo-maia\/","title":{"rendered":"Rodrigo Maia"},"content":{"rendered":"<div data-elementor-type=\"wp-page\" data-elementor-id=\"892\" class=\"elementor elementor-892\" data-elementor-post-type=\"page\">\n\t\t\t\t\t\t<section class=\"elementor-section elementor-top-section elementor-element elementor-element-32209d6a elementor-section-boxed elementor-section-height-default elementor-section-height-default\" data-id=\"32209d6a\" data-element_type=\"section\">\n\t\t\t\t\t\t<div class=\"elementor-container elementor-column-gap-default\">\n\t\t\t\t\t<div class=\"elementor-column elementor-col-50 elementor-top-column elementor-element elementor-element-5652da47 elementor-invisible\" data-id=\"5652da47\" data-element_type=\"column\" data-settings=\"{&quot;animation&quot;:&quot;fadeIn&quot;}\">\n\t\t\t<div class=\"elementor-widget-wrap elementor-element-populated\">\n\t\t\t\t\t\t<div class=\"elementor-element elementor-element-161a5b7f elementor-widget elementor-widget-image\" data-id=\"161a5b7f\" data-element_type=\"widget\" data-widget_type=\"image.default\">\n\t\t\t\t<div class=\"elementor-widget-container\">\n\t\t\t\t\t\t\t\t\t\t\t\t\t<img fetchpriority=\"high\" decoding=\"async\" width=\"600\" height=\"720\" src=\"https:\/\/wmt.com.br\/wp-content\/uploads\/2021\/05\/Rodrigo_foto_pessoal.jpg\" class=\"attachment-large size-large wp-image-894\" alt=\"\" srcset=\"https:\/\/wmt.com.br\/wp-content\/uploads\/2021\/05\/Rodrigo_foto_pessoal.jpg 600w, https:\/\/wmt.com.br\/wp-content\/uploads\/2021\/05\/Rodrigo_foto_pessoal-250x300.jpg 250w, https:\/\/wmt.com.br\/wp-content\/uploads\/2021\/05\/Rodrigo_foto_pessoal-10x12.jpg 10w\" sizes=\"(max-width: 600px) 100vw, 600px\" \/>\t\t\t\t\t\t\t\t\t\t\t\t\t<\/div>\n\t\t\t\t<\/div>\n\t\t\t\t<div class=\"elementor-element elementor-element-4d6f6cea elementor-widget elementor-widget-text-editor\" data-id=\"4d6f6cea\" data-element_type=\"widget\" data-widget_type=\"text-editor.default\">\n\t\t\t\t<div class=\"elementor-widget-container\">\n\t\t\t\t\t\t\t<p>contact<\/p>\t\t\t\t\t\t<\/div>\n\t\t\t\t<\/div>\n\t\t\t\t<div class=\"elementor-element elementor-element-447f151a link elementor-widget elementor-widget-text-editor\" data-id=\"447f151a\" data-element_type=\"widget\" data-widget_type=\"text-editor.default\">\n\t\t\t\t<div class=\"elementor-widget-container\">\n\t\t\t\t\t\t\t<p><a href=\"mailto:maia@wmt.com.br\">maia@wmt.com.br<\/a><\/p>\t\t\t\t\t\t<\/div>\n\t\t\t\t<\/div>\n\t\t\t\t<div class=\"elementor-element elementor-element-65458f91 elementor-view-default elementor-widget elementor-widget-icon\" data-id=\"65458f91\" data-element_type=\"widget\" data-widget_type=\"icon.default\">\n\t\t\t\t<div class=\"elementor-widget-container\">\n\t\t\t\t\t<div class=\"elementor-icon-wrapper\">\n\t\t\t<a class=\"elementor-icon\" href=\"https:\/\/www.linkedin.com\/in\/rodrigo-maia-61772b18\/\" target=\"_blank\">\n\t\t\t<i aria-hidden=\"true\" class=\"icon icon-linkedin\"><\/i>\t\t\t<\/a>\n\t\t<\/div>\n\t\t\t\t<\/div>\n\t\t\t\t<\/div>\n\t\t\t\t\t<\/div>\n\t\t<\/div>\n\t\t\t\t<div class=\"elementor-column elementor-col-50 elementor-top-column elementor-element elementor-element-1e94dbe4 elementor-invisible\" data-id=\"1e94dbe4\" data-element_type=\"column\" data-settings=\"{&quot;animation&quot;:&quot;fadeIn&quot;,&quot;animation_delay&quot;:200}\">\n\t\t\t<div class=\"elementor-widget-wrap elementor-element-populated\">\n\t\t\t\t\t\t<div class=\"elementor-element elementor-element-5270e102 elementor-widget elementor-widget-text-editor\" data-id=\"5270e102\" data-element_type=\"widget\" data-widget_type=\"text-editor.default\">\n\t\t\t\t<div class=\"elementor-widget-container\">\n\t\t\t\t\t\t\t<p>rodrigo maia<\/p>\t\t\t\t\t\t<\/div>\n\t\t\t\t<\/div>\n\t\t\t\t<div class=\"elementor-element elementor-element-6b4a443f elementor-widget elementor-widget-text-editor\" data-id=\"6b4a443f\" data-element_type=\"widget\" data-widget_type=\"text-editor.default\">\n\t\t\t\t<div class=\"elementor-widget-container\">\n\t\t\t\t\t\t\t<p>partner<\/p>\t\t\t\t\t\t<\/div>\n\t\t\t\t<\/div>\n\t\t\t\t<div class=\"elementor-element elementor-element-522dde6a elementor-widget elementor-widget-text-editor\" data-id=\"522dde6a\" data-element_type=\"widget\" data-widget_type=\"text-editor.default\">\n\t\t\t\t<div class=\"elementor-widget-container\">\n\t\t\t\t\t\t\t<p class=\"translation-block\">Rodrigo Maia has been a lawyer for over 15 years and is focused on anti-corruption, corporate investigations and compliance. He worked in the largest corporate investigations in Brazil. He also participated in the negotiation of relevant leniency agreements, such as the first leniency agreement executed simultaneously among Brazilian (MPF) and foreign (DoJ and SEC) authorities, first leniency agreement executed simultaneously between the MPF, AGU, CGU, DoJ and the SEC, and the largest agreement executed by the AGU until today and the CGU. He represents numerous multinational and Brazilian companies in negotiations related to anti-corruption before Brazilian authorities such as the AGU, CGU, MPF, PGR, State Prosecutors Offices, CVM (the equivalent to the SEC) and Brazilian Central Bank, acting, on many occasions, together with foreign lawyers.<\/p><p>Rodrigo Maia was a partner at Motta, Fernandes Rocha Advogados between 2013 and 2016 and at Sampaio Ferraz Advogados between 2016 and 2021.<\/p><p>He holds a law degree from PUC S\u00e3o Paulo, a specialization in Tax Law from COGEAE at PUC S\u00e3o Paulo and LL.M in Corporate Law from Insper.<\/p><p class=\"translation-block\">Rodrigo Maia was selected, in 2020, by Global Investigations Review - GIR as one of the 40 most admired investigative lawyers under 40 years old in the world. In 2021, he was selected by Who\u2019s Who Legal as Future Leader in the Investigations category.<\/p>\t\t\t\t\t\t<\/div>\n\t\t\t\t<\/div>\n\t\t\t\t\t<\/div>\n\t\t<\/div>\n\t\t\t\t\t<\/div>\n\t\t<\/section>\n\t\t\t\t<\/div>","protected":false},"excerpt":{"rendered":"<p>contato maia@wmt.com.br rodrigo maia s\u00f3cio Rodrigo Maia advoga h\u00e1 mais de 15 anos e \u00e9 especialista em anticorrup\u00e7\u00e3o, investiga\u00e7\u00f5es corporativas e conformidade (compliance).\u00a0 Atuou em algumas das maiores\u00a0 investiga\u00e7\u00f5es corporativas do Brasil.\u00a0 Tamb\u00e9m atuou na negocia\u00e7\u00e3o de relevantes acordos de leni\u00eancia, tais como o primeiro acordo de leni\u00eancia celebrado simultaneamente entre autoridades brasileiras (MPF) e [&hellip;]<\/p>","protected":false},"author":1,"featured_media":0,"parent":0,"menu_order":0,"comment_status":"closed","ping_status":"closed","template":"","meta":{"footnotes":""},"class_list":["post-892","page","type-page","status-publish","hentry"],"yoast_head":"<!-- This site is optimized with the Yoast SEO plugin v26.9 - https:\/\/yoast.com\/product\/yoast-seo-wordpress\/ -->\n<title>Rodrigo Maia - WM&amp;T<\/title>\n<meta name=\"description\" content=\"Rodrigo Maia advoga h\u00e1 mais de 15 anos e \u00e9 especialista em anticorrup\u00e7\u00e3o, investiga\u00e7\u00f5es corporativas e conformidade (compliance).\" \/>\n<meta name=\"robots\" content=\"index, follow, max-snippet:-1, max-image-preview:large, max-video-preview:-1\" \/>\n<link rel=\"canonical\" href=\"https:\/\/wmt.com.br\/eng\/rodrigo-maia\/\" \/>\n<meta property=\"og:locale\" content=\"en_US\" \/>\n<meta property=\"og:type\" content=\"article\" \/>\n<meta property=\"og:title\" content=\"Rodrigo Maia - WM&amp;T\" \/>\n<meta property=\"og:description\" content=\"Rodrigo Maia advoga h\u00e1 mais de 15 anos e \u00e9 especialista em anticorrup\u00e7\u00e3o, investiga\u00e7\u00f5es corporativas e conformidade (compliance).\" \/>\n<meta property=\"og:url\" content=\"https:\/\/wmt.com.br\/eng\/rodrigo-maia\/\" \/>\n<meta property=\"og:site_name\" content=\"WM&amp;T\" \/>\n<meta property=\"article:modified_time\" content=\"2021-06-08T14:21:31+00:00\" \/>\n<meta property=\"og:image\" content=\"https:\/\/wmt.com.br\/wp-content\/uploads\/2021\/05\/Rodrigo_foto_pessoal.jpg\" \/>\n<meta name=\"twitter:card\" content=\"summary_large_image\" \/>\n<meta name=\"twitter:label1\" content=\"Est. reading time\" \/>\n\t<meta name=\"twitter:data1\" content=\"2 minutes\" \/>\n<script type=\"application\/ld+json\" class=\"yoast-schema-graph\">{\"@context\":\"https:\/\/schema.org\",\"@graph\":[{\"@type\":\"WebPage\",\"@id\":\"https:\/\/wmt.com.br\/rodrigo-maia\/\",\"url\":\"https:\/\/wmt.com.br\/rodrigo-maia\/\",\"name\":\"Rodrigo Maia - WM&amp;T\",\"isPartOf\":{\"@id\":\"https:\/\/wmt.com.br\/#website\"},\"primaryImageOfPage\":{\"@id\":\"https:\/\/wmt.com.br\/rodrigo-maia\/#primaryimage\"},\"image\":{\"@id\":\"https:\/\/wmt.com.br\/rodrigo-maia\/#primaryimage\"},\"thumbnailUrl\":\"https:\/\/wmt.com.br\/wp-content\/uploads\/2021\/05\/Rodrigo_foto_pessoal.jpg\",\"datePublished\":\"2021-05-31T22:35:01+00:00\",\"dateModified\":\"2021-06-08T14:21:31+00:00\",\"description\":\"Rodrigo Maia advoga h\u00e1 mais de 15 anos e \u00e9 especialista em anticorrup\u00e7\u00e3o, investiga\u00e7\u00f5es corporativas e conformidade (compliance).\",\"inLanguage\":\"en-US\",\"potentialAction\":[{\"@type\":\"ReadAction\",\"target\":[\"https:\/\/wmt.com.br\/rodrigo-maia\/\"]}]},{\"@type\":\"ImageObject\",\"inLanguage\":\"en-US\",\"@id\":\"https:\/\/wmt.com.br\/rodrigo-maia\/#primaryimage\",\"url\":\"https:\/\/wmt.com.br\/wp-content\/uploads\/2021\/05\/Rodrigo_foto_pessoal.jpg\",\"contentUrl\":\"https:\/\/wmt.com.br\/wp-content\/uploads\/2021\/05\/Rodrigo_foto_pessoal.jpg\"},{\"@type\":\"WebSite\",\"@id\":\"https:\/\/wmt.com.br\/#website\",\"url\":\"https:\/\/wmt.com.br\/\",\"name\":\"WM&amp;T\",\"description\":\"\",\"publisher\":{\"@id\":\"https:\/\/wmt.com.br\/#organization\"},\"potentialAction\":[{\"@type\":\"SearchAction\",\"target\":{\"@type\":\"EntryPoint\",\"urlTemplate\":\"https:\/\/wmt.com.br\/?s={search_term_string}\"},\"query-input\":{\"@type\":\"PropertyValueSpecification\",\"valueRequired\":true,\"valueName\":\"search_term_string\"}}],\"inLanguage\":\"en-US\"},{\"@type\":\"Organization\",\"@id\":\"https:\/\/wmt.com.br\/#organization\",\"name\":\"WM&amp;T\",\"url\":\"https:\/\/wmt.com.br\/\",\"logo\":{\"@type\":\"ImageObject\",\"inLanguage\":\"en-US\",\"@id\":\"https:\/\/wmt.com.br\/#\/schema\/logo\/image\/\",\"url\":\"https:\/\/wmt.com.br\/wp-content\/uploads\/2021\/06\/cropped-favicon_wmt.png\",\"contentUrl\":\"https:\/\/wmt.com.br\/wp-content\/uploads\/2021\/06\/cropped-favicon_wmt.png\",\"width\":512,\"height\":512,\"caption\":\"WM&amp;T\"},\"image\":{\"@id\":\"https:\/\/wmt.com.br\/#\/schema\/logo\/image\/\"}}]}<\/script>\n<!-- \/ Yoast SEO plugin. -->","yoast_head_json":{"title":"Rodrigo Maia - WM&amp;T","description":"Rodrigo Maia advoga h\u00e1 mais de 15 anos e \u00e9 especialista em anticorrup\u00e7\u00e3o, investiga\u00e7\u00f5es corporativas e conformidade (compliance).","robots":{"index":"index","follow":"follow","max-snippet":"max-snippet:-1","max-image-preview":"max-image-preview:large","max-video-preview":"max-video-preview:-1"},"canonical":"https:\/\/wmt.com.br\/eng\/rodrigo-maia\/","og_locale":"en_US","og_type":"article","og_title":"Rodrigo Maia - WM&amp;T","og_description":"Rodrigo Maia advoga h\u00e1 mais de 15 anos e \u00e9 especialista em anticorrup\u00e7\u00e3o, investiga\u00e7\u00f5es corporativas e conformidade (compliance).","og_url":"https:\/\/wmt.com.br\/eng\/rodrigo-maia\/","og_site_name":"WM&amp;T","article_modified_time":"2021-06-08T14:21:31+00:00","og_image":[{"url":"https:\/\/wmt.com.br\/wp-content\/uploads\/2021\/05\/Rodrigo_foto_pessoal.jpg","type":"","width":"","height":""}],"twitter_card":"summary_large_image","twitter_misc":{"Est. reading time":"2 minutes"},"schema":{"@context":"https:\/\/schema.org","@graph":[{"@type":"WebPage","@id":"https:\/\/wmt.com.br\/rodrigo-maia\/","url":"https:\/\/wmt.com.br\/rodrigo-maia\/","name":"Rodrigo Maia - WM&amp;T","isPartOf":{"@id":"https:\/\/wmt.com.br\/#website"},"primaryImageOfPage":{"@id":"https:\/\/wmt.com.br\/rodrigo-maia\/#primaryimage"},"image":{"@id":"https:\/\/wmt.com.br\/rodrigo-maia\/#primaryimage"},"thumbnailUrl":"https:\/\/wmt.com.br\/wp-content\/uploads\/2021\/05\/Rodrigo_foto_pessoal.jpg","datePublished":"2021-05-31T22:35:01+00:00","dateModified":"2021-06-08T14:21:31+00:00","description":"Rodrigo Maia advoga h\u00e1 mais de 15 anos e \u00e9 especialista em anticorrup\u00e7\u00e3o, investiga\u00e7\u00f5es corporativas e conformidade (compliance).","inLanguage":"en-US","potentialAction":[{"@type":"ReadAction","target":["https:\/\/wmt.com.br\/rodrigo-maia\/"]}]},{"@type":"ImageObject","inLanguage":"en-US","@id":"https:\/\/wmt.com.br\/rodrigo-maia\/#primaryimage","url":"https:\/\/wmt.com.br\/wp-content\/uploads\/2021\/05\/Rodrigo_foto_pessoal.jpg","contentUrl":"https:\/\/wmt.com.br\/wp-content\/uploads\/2021\/05\/Rodrigo_foto_pessoal.jpg"},{"@type":"WebSite","@id":"https:\/\/wmt.com.br\/#website","url":"https:\/\/wmt.com.br\/","name":"WM&amp;T","description":"","publisher":{"@id":"https:\/\/wmt.com.br\/#organization"},"potentialAction":[{"@type":"SearchAction","target":{"@type":"EntryPoint","urlTemplate":"https:\/\/wmt.com.br\/?s={search_term_string}"},"query-input":{"@type":"PropertyValueSpecification","valueRequired":true,"valueName":"search_term_string"}}],"inLanguage":"en-US"},{"@type":"Organization","@id":"https:\/\/wmt.com.br\/#organization","name":"WM&amp;T","url":"https:\/\/wmt.com.br\/","logo":{"@type":"ImageObject","inLanguage":"en-US","@id":"https:\/\/wmt.com.br\/#\/schema\/logo\/image\/","url":"https:\/\/wmt.com.br\/wp-content\/uploads\/2021\/06\/cropped-favicon_wmt.png","contentUrl":"https:\/\/wmt.com.br\/wp-content\/uploads\/2021\/06\/cropped-favicon_wmt.png","width":512,"height":512,"caption":"WM&amp;T"},"image":{"@id":"https:\/\/wmt.com.br\/#\/schema\/logo\/image\/"}}]}},"_links":{"self":[{"href":"https:\/\/wmt.com.br\/eng\/wp-json\/wp\/v2\/pages\/892","targetHints":{"allow":["GET"]}}],"collection":[{"href":"https:\/\/wmt.com.br\/eng\/wp-json\/wp\/v2\/pages"}],"about":[{"href":"https:\/\/wmt.com.br\/eng\/wp-json\/wp\/v2\/types\/page"}],"author":[{"embeddable":true,"href":"https:\/\/wmt.com.br\/eng\/wp-json\/wp\/v2\/users\/1"}],"replies":[{"embeddable":true,"href":"https:\/\/wmt.com.br\/eng\/wp-json\/wp\/v2\/comments?post=892"}],"version-history":[{"count":14,"href":"https:\/\/wmt.com.br\/eng\/wp-json\/wp\/v2\/pages\/892\/revisions"}],"predecessor-version":[{"id":1206,"href":"https:\/\/wmt.com.br\/eng\/wp-json\/wp\/v2\/pages\/892\/revisions\/1206"}],"wp:attachment":[{"href":"https:\/\/wmt.com.br\/eng\/wp-json\/wp\/v2\/media?parent=892"}],"curies":[{"name":"wp","href":"https:\/\/api.w.org\/{rel}","templated":true}]}}